{"id":1153,"date":"2017-03-17T23:47:45","date_gmt":"2017-03-17T21:47:45","guid":{"rendered":"http:\/\/partinindibi.com\/?page_id=1153"},"modified":"2017-12-06T13:25:12","modified_gmt":"2017-12-06T13:25:12","slug":"bay","status":"publish","type":"page","link":"https:\/\/www.avantgardemedya.com\/index.php\/tr\/castimiz\/bay\/","title":{"rendered":"BAY"},"content":{"rendered":"<h1>Animasyon\/Karakter:<\/h1>\n<p>Arda Kavakl\u0131o\u011flu:<\/p>\n<!--[if lt IE 9]><script>document.createElement('audio');<\/script><![endif]-->\n<audio class=\"wp-audio-shortcode\" id=\"audio-1153-1\" preload=\"none\" style=\"width: 100%;\" controls=\"controls\"><source type=\"audio\/wav\" src=\"http:\/\/www.avantgardemedya.com\/wp-content\/uploads\/2017\/03\/ARDA-Kavakl\u0131o\u011flu.wav?_=1\" \/><a href=\"http:\/\/www.avantgardemedya.com\/wp-content\/uploads\/2017\/03\/ARDA-Kavakl\u0131o\u011flu.wav\">http:\/\/www.avantgardemedya.com\/wp-content\/uploads\/2017\/03\/ARDA-Kavakl\u0131o\u011flu.wav<\/a><\/audio>\n<p>&nbsp;<\/p>\n<p>Burak Alptekin:<\/p>\n<audio class=\"wp-audio-shortcode\" id=\"audio-1153-2\" preload=\"none\" style=\"width: 100%;\" controls=\"controls\"><source type=\"audio\/wav\" src=\"http:\/\/www.avantgardemedya.com\/wp-content\/uploads\/2017\/03\/burak-alptekin-animasyon.wav?_=2\" \/><a href=\"http:\/\/www.avantgardemedya.com\/wp-content\/uploads\/2017\/03\/burak-alptekin-animasyon.wav\">http:\/\/www.avantgardemedya.com\/wp-content\/uploads\/2017\/03\/burak-alptekin-animasyon.wav<\/a><\/audio>\n<p>&nbsp;<\/p>\n<p>Efe Erdem:<\/p>\n<audio class=\"wp-audio-shortcode\" id=\"audio-1153-3\" preload=\"none\" style=\"width: 100%;\" controls=\"controls\"><source type=\"audio\/wav\" src=\"http:\/\/www.avantgardemedya.com\/wp-content\/uploads\/2017\/03\/Efe-Erdem.wav?_=3\" \/><a href=\"http:\/\/www.avantgardemedya.com\/wp-content\/uploads\/2017\/03\/Efe-Erdem.wav\">http:\/\/www.avantgardemedya.com\/wp-content\/uploads\/2017\/03\/Efe-Erdem.wav<\/a><\/audio>\n<p>&nbsp;<\/p>\n<p>Emin Yara\u00e7:<\/p>\n<audio class=\"wp-audio-shortcode\" id=\"audio-1153-4\" preload=\"none\" style=\"width: 100%;\" controls=\"controls\"><source type=\"audio\/wav\" src=\"http:\/\/www.avantgardemedya.com\/wp-content\/uploads\/2017\/03\/emin-yara\u00e7-animasyon.wav?_=4\" \/><a href=\"http:\/\/www.avantgardemedya.com\/wp-content\/uploads\/2017\/03\/emin-yara\u00e7-animasyon.wav\">http:\/\/www.avantgardemedya.com\/wp-content\/uploads\/2017\/03\/emin-yara\u00e7-animasyon.wav<\/a><\/audio>\n<p>&nbsp;<\/p>\n<p>G\u00f6khan \u015eim\u015fek:<\/p>\n<audio class=\"wp-audio-shortcode\" id=\"audio-1153-5\" preload=\"none\" style=\"width: 100%;\" controls=\"controls\"><source type=\"audio\/wav\" src=\"http:\/\/www.avantgardemedya.com\/wp-content\/uploads\/2017\/03\/g\u00f6kan-\u015fim\u015fek-animasyon.wav?_=5\" \/><a href=\"http:\/\/www.avantgardemedya.com\/wp-content\/uploads\/2017\/03\/g\u00f6kan-\u015fim\u015fek-animasyon.wav\">http:\/\/www.avantgardemedya.com\/wp-content\/uploads\/2017\/03\/g\u00f6kan-\u015fim\u015fek-animasyon.wav<\/a><\/audio>\n<p>&nbsp;<\/p>\n<p>Hakan Koluk\u0131sa:<\/p>\n<audio class=\"wp-audio-shortcode\" id=\"audio-1153-6\" preload=\"none\" style=\"width: 100%;\" controls=\"controls\"><source type=\"audio\/wav\" src=\"http:\/\/www.avantgardemedya.com\/wp-content\/uploads\/2017\/03\/Hakan-Koluk\u0131sa-Animasyon.wav?_=6\" \/><a href=\"http:\/\/www.avantgardemedya.com\/wp-content\/uploads\/2017\/03\/Hakan-Koluk\u0131sa-Animasyon.wav\">http:\/\/www.avantgardemedya.com\/wp-content\/uploads\/2017\/03\/Hakan-Koluk\u0131sa-Animasyon.wav<\/a><\/audio>\n<p>&nbsp;<\/p>\n<p>\u0130skender Ba\u011fc\u0131lar:<\/p>\n<audio class=\"wp-audio-shortcode\" id=\"audio-1153-7\" preload=\"none\" style=\"width: 100%;\" controls=\"controls\"><source type=\"audio\/wav\" src=\"http:\/\/www.avantgardemedya.com\/wp-content\/uploads\/2017\/03\/\u0130skender-Ba\u011fc\u0131lar.wav?_=7\" \/><a href=\"http:\/\/www.avantgardemedya.com\/wp-content\/uploads\/2017\/03\/\u0130skender-Ba\u011fc\u0131lar.wav\">http:\/\/www.avantgardemedya.com\/wp-content\/uploads\/2017\/03\/\u0130skender-Ba\u011fc\u0131lar.wav<\/a><\/audio>\n<p>&nbsp;<\/p>\n<p>Murat Pros\u00e7iler:<\/p>\n<audio class=\"wp-audio-shortcode\" id=\"audio-1153-8\" preload=\"none\" style=\"width: 100%;\" controls=\"controls\"><source type=\"audio\/wav\" src=\"http:\/\/www.avantgardemedya.com\/wp-content\/uploads\/2017\/03\/Murat-Pros\u00e7iler.wav?_=8\" \/><a href=\"http:\/\/www.avantgardemedya.com\/wp-content\/uploads\/2017\/03\/Murat-Pros\u00e7iler.wav\">http:\/\/www.avantgardemedya.com\/wp-content\/uploads\/2017\/03\/Murat-Pros\u00e7iler.wav<\/a><\/audio>\n<p>&nbsp;<\/p>\n<p>Tarkan Ko\u00e7:<\/p>\n<audio class=\"wp-audio-shortcode\" id=\"audio-1153-9\" preload=\"none\" style=\"width: 100%;\" controls=\"controls\"><source type=\"audio\/wav\" src=\"http:\/\/www.avantgardemedya.com\/wp-content\/uploads\/2017\/03\/tarkan-ko\u00e7-animasyon.wav?_=9\" \/><a href=\"http:\/\/www.avantgardemedya.com\/wp-content\/uploads\/2017\/03\/tarkan-ko\u00e7-animasyon.wav\">http:\/\/www.avantgardemedya.com\/wp-content\/uploads\/2017\/03\/tarkan-ko\u00e7-animasyon.wav<\/a><\/audio>\n<p>&nbsp;<\/p>\n<p>\u00dcnsal \u015eahin:<\/p>\n<audio class=\"wp-audio-shortcode\" id=\"audio-1153-10\" preload=\"none\" style=\"width: 100%;\" controls=\"controls\"><source type=\"audio\/wav\" src=\"http:\/\/www.avantgardemedya.com\/wp-content\/uploads\/2017\/03\/\u00dcnsal-\u015eahin.wav?_=10\" \/><a href=\"http:\/\/www.avantgardemedya.com\/wp-content\/uploads\/2017\/03\/\u00dcnsal-\u015eahin.wav\">http:\/\/www.avantgardemedya.com\/wp-content\/uploads\/2017\/03\/\u00dcnsal-\u015eahin.wav<\/a><\/audio>\n<h1><\/h1>\n<h1>\u00c7ocuk:<\/h1>\n<p>Ali Hekimo\u011flu:<\/p>\n<audio class=\"wp-audio-shortcode\" id=\"audio-1153-11\" preload=\"none\" style=\"width: 100%;\" controls=\"controls\"><source type=\"audio\/wav\" src=\"http:\/\/www.avantgardemedya.com\/wp-content\/uploads\/2017\/03\/Ali-Hekimoglu-cocuk-ornek.wav?_=11\" \/><a href=\"http:\/\/www.avantgardemedya.com\/wp-content\/uploads\/2017\/03\/Ali-Hekimoglu-cocuk-ornek.wav\">http:\/\/www.avantgardemedya.com\/wp-content\/uploads\/2017\/03\/Ali-Hekimoglu-cocuk-ornek.wav<\/a><\/audio>\n<p>&nbsp;<\/p>\n<p>Co\u015fkun Tonga:<\/p>\n<audio class=\"wp-audio-shortcode\" id=\"audio-1153-12\" preload=\"none\" style=\"width: 100%;\" controls=\"controls\"><source type=\"audio\/wav\" src=\"http:\/\/www.avantgardemedya.com\/wp-content\/uploads\/2017\/03\/Coskun-Tonga-cocuk-ornek.wav?_=12\" \/><a href=\"http:\/\/www.avantgardemedya.com\/wp-content\/uploads\/2017\/03\/Coskun-Tonga-cocuk-ornek.wav\">http:\/\/www.avantgardemedya.com\/wp-content\/uploads\/2017\/03\/Coskun-Tonga-cocuk-ornek.wav<\/a><\/audio>\n<p>&nbsp;<\/p>\n<p>Efe Erdem:<\/p>\n<audio class=\"wp-audio-shortcode\" id=\"audio-1153-13\" preload=\"none\" style=\"width: 100%;\" controls=\"controls\"><source type=\"audio\/wav\" src=\"http:\/\/www.avantgardemedya.com\/wp-content\/uploads\/2017\/03\/Efe-Erdem-Erkek-\u00c7ocuk.wav?_=13\" \/><a href=\"http:\/\/www.avantgardemedya.com\/wp-content\/uploads\/2017\/03\/Efe-Erdem-Erkek-\u00c7ocuk.wav\">http:\/\/www.avantgardemedya.com\/wp-content\/uploads\/2017\/03\/Efe-Erdem-Erkek-\u00c7ocuk.wav<\/a><\/audio>\n<p>&nbsp;<\/p>\n<p>Fatih \u00d6zkul:<\/p>\n<audio class=\"wp-audio-shortcode\" id=\"audio-1153-14\" preload=\"none\" style=\"width: 100%;\" controls=\"controls\"><source type=\"audio\/wav\" src=\"http:\/\/www.avantgardemedya.com\/wp-content\/uploads\/2017\/03\/Fatih-Ozkul-cocuk-ornek.wav?_=14\" \/><a href=\"http:\/\/www.avantgardemedya.com\/wp-content\/uploads\/2017\/03\/Fatih-Ozkul-cocuk-ornek.wav\">http:\/\/www.avantgardemedya.com\/wp-content\/uploads\/2017\/03\/Fatih-Ozkul-cocuk-ornek.wav<\/a><\/audio>\n<p>&nbsp;<\/p>\n<p>G\u00f6khan Akcakara:<\/p>\n<audio class=\"wp-audio-shortcode\" id=\"audio-1153-15\" preload=\"none\" style=\"width: 100%;\" controls=\"controls\"><source type=\"audio\/wav\" src=\"http:\/\/www.avantgardemedya.com\/wp-content\/uploads\/2017\/03\/Gokhan-Akcakara-cocuk-ornek.wav?_=15\" \/><a href=\"http:\/\/www.avantgardemedya.com\/wp-content\/uploads\/2017\/03\/Gokhan-Akcakara-cocuk-ornek.wav\">http:\/\/www.avantgardemedya.com\/wp-content\/uploads\/2017\/03\/Gokhan-Akcakara-cocuk-ornek.wav<\/a><\/audio>\n<p>&nbsp;<\/p>\n<p>Mert Ayd\u0131n:<\/p>\n<audio class=\"wp-audio-shortcode\" id=\"audio-1153-16\" preload=\"none\" style=\"width: 100%;\" controls=\"controls\"><source type=\"audio\/wav\" src=\"http:\/\/www.avantgardemedya.com\/wp-content\/uploads\/2017\/03\/Mert-Aydin-cocuk-ornek.wav?_=16\" \/><a href=\"http:\/\/www.avantgardemedya.com\/wp-content\/uploads\/2017\/03\/Mert-Aydin-cocuk-ornek.wav\">http:\/\/www.avantgardemedya.com\/wp-content\/uploads\/2017\/03\/Mert-Aydin-cocuk-ornek.wav<\/a><\/audio>\n<p>&nbsp;<\/p>\n<p>Umut Kemal Sevin:<\/p>\n<audio class=\"wp-audio-shortcode\" id=\"audio-1153-17\" preload=\"none\" style=\"width: 100%;\" controls=\"controls\"><source type=\"audio\/wav\" src=\"http:\/\/www.avantgardemedya.com\/wp-content\/uploads\/2017\/03\/Umut-Kemal-Sevin-erkek-\u00e7ocuk.wav?_=17\" \/><a href=\"http:\/\/www.avantgardemedya.com\/wp-content\/uploads\/2017\/03\/Umut-Kemal-Sevin-erkek-\u00e7ocuk.wav\">http:\/\/www.avantgardemedya.com\/wp-content\/uploads\/2017\/03\/Umut-Kemal-Sevin-erkek-\u00e7ocuk.wav<\/a><\/audio>\n<h1><\/h1>\n<h1>M\u00fczikal\/\u015eark\u0131:<\/h1>\n<p>Besnik Ademo\u011flu:<\/p>\n<audio class=\"wp-audio-shortcode\" id=\"audio-1153-18\" preload=\"none\" style=\"width: 100%;\" controls=\"controls\"><source type=\"audio\/wav\" src=\"http:\/\/www.avantgardemedya.com\/wp-content\/uploads\/2017\/03\/Besnik-Ademo\u011flu-\u015eark\u0131.wav?_=18\" \/><a href=\"http:\/\/www.avantgardemedya.com\/wp-content\/uploads\/2017\/03\/Besnik-Ademo\u011flu-\u015eark\u0131.wav\">http:\/\/www.avantgardemedya.com\/wp-content\/uploads\/2017\/03\/Besnik-Ademo\u011flu-\u015eark\u0131.wav<\/a><\/audio>\n<p>&nbsp;<\/p>\n<p>Mert Ayd\u0131n:<\/p>\n<audio class=\"wp-audio-shortcode\" id=\"audio-1153-19\" preload=\"none\" style=\"width: 100%;\" controls=\"controls\"><source type=\"audio\/wav\" src=\"http:\/\/www.avantgardemedya.com\/wp-content\/uploads\/2017\/03\/Mert-Ayd\u0131n-\u015eark\u0131.wav?_=19\" \/><a href=\"http:\/\/www.avantgardemedya.com\/wp-content\/uploads\/2017\/03\/Mert-Ayd\u0131n-\u015eark\u0131.wav\">http:\/\/www.avantgardemedya.com\/wp-content\/uploads\/2017\/03\/Mert-Ayd\u0131n-\u015eark\u0131.wav<\/a><\/audio>\n<p>&nbsp;<\/p>\n<p>Serkan \u015een:<\/p>\n<audio class=\"wp-audio-shortcode\" id=\"audio-1153-20\" preload=\"none\" style=\"width: 100%;\" controls=\"controls\"><source type=\"audio\/wav\" src=\"http:\/\/www.avantgardemedya.com\/wp-content\/uploads\/2017\/03\/Serkan-\u015een-\u015eark\u0131.wav?_=20\" \/><a href=\"http:\/\/www.avantgardemedya.com\/wp-content\/uploads\/2017\/03\/Serkan-\u015een-\u015eark\u0131.wav\">http:\/\/www.avantgardemedya.com\/wp-content\/uploads\/2017\/03\/Serkan-\u015een-\u015eark\u0131.wav<\/a><\/audio>\n<p>&nbsp;<\/p>\n<p>Tarkan Ko\u00e7:<\/p>\n<audio class=\"wp-audio-shortcode\" id=\"audio-1153-21\" preload=\"none\" style=\"width: 100%;\" controls=\"controls\"><source type=\"audio\/wav\" src=\"http:\/\/www.avantgardemedya.com\/wp-content\/uploads\/2017\/03\/tarkan-ko\u00e7-muzikal.wav?_=21\" \/><a href=\"http:\/\/www.avantgardemedya.com\/wp-content\/uploads\/2017\/03\/tarkan-ko\u00e7-muzikal.wav\">http:\/\/www.avantgardemedya.com\/wp-content\/uploads\/2017\/03\/tarkan-ko\u00e7-muzikal.wav<\/a><\/audio>\n<h1><\/h1>\n<h1>Di\u011fer:<\/h1>\n<p>Ali Ekber Diriba\u015f:<\/p>\n<audio class=\"wp-audio-shortcode\" id=\"audio-1153-22\" preload=\"none\" style=\"width: 100%;\" controls=\"controls\"><source type=\"audio\/wav\" src=\"http:\/\/www.avantgardemedya.com\/wp-content\/uploads\/2017\/03\/Ali-Ekber-Diriba\u015f.wav?_=22\" \/><a href=\"http:\/\/www.avantgardemedya.com\/wp-content\/uploads\/2017\/03\/Ali-Ekber-Diriba\u015f.wav\">http:\/\/www.avantgardemedya.com\/wp-content\/uploads\/2017\/03\/Ali-Ekber-Diriba\u015f.wav<\/a><\/audio>\n<p>&nbsp;<\/p>\n<p>Arda Kavakl\u0131o\u011flu:<\/p>\n<audio class=\"wp-audio-shortcode\" id=\"audio-1153-23\" preload=\"none\" style=\"width: 100%;\" controls=\"controls\"><source type=\"audio\/wav\" src=\"http:\/\/www.avantgardemedya.com\/wp-content\/uploads\/2017\/03\/ARDA-Kavakl\u0131o\u011flu-1.wav?_=23\" \/><a href=\"http:\/\/www.avantgardemedya.com\/wp-content\/uploads\/2017\/03\/ARDA-Kavakl\u0131o\u011flu-1.wav\">http:\/\/www.avantgardemedya.com\/wp-content\/uploads\/2017\/03\/ARDA-Kavakl\u0131o\u011flu-1.wav<\/a><\/audio>\n<p>&nbsp;<\/p>\n<p>Burak Alptekin:<\/p>\n<audio class=\"wp-audio-shortcode\" id=\"audio-1153-24\" preload=\"none\" style=\"width: 100%;\" controls=\"controls\"><source type=\"audio\/wav\" src=\"http:\/\/www.avantgardemedya.com\/wp-content\/uploads\/2017\/03\/burak-alptekin-02.wav?_=24\" \/><a href=\"http:\/\/www.avantgardemedya.com\/wp-content\/uploads\/2017\/03\/burak-alptekin-02.wav\">http:\/\/www.avantgardemedya.com\/wp-content\/uploads\/2017\/03\/burak-alptekin-02.wav<\/a><\/audio>\n<p>&nbsp;<\/p>\n<p>C\u00fcneyt \u00c7akova:<\/p>\n<audio class=\"wp-audio-shortcode\" id=\"audio-1153-25\" preload=\"none\" style=\"width: 100%;\" controls=\"controls\"><source type=\"audio\/wav\" src=\"http:\/\/www.avantgardemedya.com\/wp-content\/uploads\/2017\/03\/C\u00fcneyt-\u00c7akova.wav?_=25\" \/><a href=\"http:\/\/www.avantgardemedya.com\/wp-content\/uploads\/2017\/03\/C\u00fcneyt-\u00c7akova.wav\">http:\/\/www.avantgardemedya.com\/wp-content\/uploads\/2017\/03\/C\u00fcneyt-\u00c7akova.wav<\/a><\/audio>\n<p>&nbsp;<\/p>\n<p>G\u00f6khan \u015eim\u015fek:<\/p>\n<audio class=\"wp-audio-shortcode\" id=\"audio-1153-26\" preload=\"none\" style=\"width: 100%;\" controls=\"controls\"><source type=\"audio\/wav\" src=\"http:\/\/www.avantgardemedya.com\/wp-content\/uploads\/2017\/03\/g\u00f6kan-\u015fim\u015fek.wav?_=26\" \/><a href=\"http:\/\/www.avantgardemedya.com\/wp-content\/uploads\/2017\/03\/g\u00f6kan-\u015fim\u015fek.wav\">http:\/\/www.avantgardemedya.com\/wp-content\/uploads\/2017\/03\/g\u00f6kan-\u015fim\u015fek.wav<\/a><\/audio>\n<p>&nbsp;<\/p>\n<p>Hakan Ak\u0131n:<\/p>\n<audio class=\"wp-audio-shortcode\" id=\"audio-1153-27\" preload=\"none\" style=\"width: 100%;\" controls=\"controls\"><source type=\"audio\/wav\" src=\"http:\/\/www.avantgardemedya.com\/wp-content\/uploads\/2017\/03\/HAKAN-AKIN.wav?_=27\" \/><a href=\"http:\/\/www.avantgardemedya.com\/wp-content\/uploads\/2017\/03\/HAKAN-AKIN.wav\">http:\/\/www.avantgardemedya.com\/wp-content\/uploads\/2017\/03\/HAKAN-AKIN.wav<\/a><\/audio>\n<p>&nbsp;<\/p>\n<p>Hakan Koluk\u0131sa:<\/p>\n<audio class=\"wp-audio-shortcode\" id=\"audio-1153-28\" preload=\"none\" style=\"width: 100%;\" controls=\"controls\"><source type=\"audio\/mpeg\" src=\"http:\/\/www.avantgardemedya.com\/wp-content\/uploads\/2017\/03\/HAKAN-KOLUKISA-DEMO.mp3?_=28\" \/><a href=\"http:\/\/www.avantgardemedya.com\/wp-content\/uploads\/2017\/03\/HAKAN-KOLUKISA-DEMO.mp3\">http:\/\/www.avantgardemedya.com\/wp-content\/uploads\/2017\/03\/HAKAN-KOLUKISA-DEMO.mp3<\/a><\/audio>\n<p>&nbsp;<\/p>\n<p>M\u00fcfit Co\u015fkun:<\/p>\n<audio class=\"wp-audio-shortcode\" id=\"audio-1153-29\" preload=\"none\" style=\"width: 100%;\" controls=\"controls\"><source type=\"audio\/wav\" src=\"http:\/\/www.avantgardemedya.com\/wp-content\/uploads\/2017\/03\/M\u00fcfit-Co\u015fkun.wav?_=29\" \/><a href=\"http:\/\/www.avantgardemedya.com\/wp-content\/uploads\/2017\/03\/M\u00fcfit-Co\u015fkun.wav\">http:\/\/www.avantgardemedya.com\/wp-content\/uploads\/2017\/03\/M\u00fcfit-Co\u015fkun.wav<\/a><\/audio>\n<p>&nbsp;<\/p>\n<p>Mustafa Oral:<\/p>\n<audio class=\"wp-audio-shortcode\" id=\"audio-1153-30\" preload=\"none\" style=\"width: 100%;\" controls=\"controls\"><source type=\"audio\/wav\" src=\"http:\/\/www.avantgardemedya.com\/wp-content\/uploads\/2017\/03\/Mustafa-Oral.wav?_=30\" \/><a href=\"http:\/\/www.avantgardemedya.com\/wp-content\/uploads\/2017\/03\/Mustafa-Oral.wav\">http:\/\/www.avantgardemedya.com\/wp-content\/uploads\/2017\/03\/Mustafa-Oral.wav<\/a><\/audio>\n<p>&nbsp;<\/p>\n<p>\u00d6zg\u00fcr \u00d6zdural:<\/p>\n<audio class=\"wp-audio-shortcode\" id=\"audio-1153-31\" preload=\"none\" style=\"width: 100%;\" controls=\"controls\"><source type=\"audio\/wav\" src=\"http:\/\/www.avantgardemedya.com\/wp-content\/uploads\/2017\/03\/\u00d6zg\u00fcr-\u00d6zdural.wav?_=31\" \/><a href=\"http:\/\/www.avantgardemedya.com\/wp-content\/uploads\/2017\/03\/\u00d6zg\u00fcr-\u00d6zdural.wav\">http:\/\/www.avantgardemedya.com\/wp-content\/uploads\/2017\/03\/\u00d6zg\u00fcr-\u00d6zdural.wav<\/a><\/audio>\n<p>&nbsp;<\/p>\n<p>Sait Se\u00e7kin:<\/p>\n<audio class=\"wp-audio-shortcode\" id=\"audio-1153-32\" preload=\"none\" style=\"width: 100%;\" controls=\"controls\"><source type=\"audio\/wav\" src=\"http:\/\/www.avantgardemedya.com\/wp-content\/uploads\/2017\/03\/Sait-Seckin-yetiskin-ornek.wav?_=32\" \/><a href=\"http:\/\/www.avantgardemedya.com\/wp-content\/uploads\/2017\/03\/Sait-Seckin-yetiskin-ornek.wav\">http:\/\/www.avantgardemedya.com\/wp-content\/uploads\/2017\/03\/Sait-Seckin-yetiskin-ornek.wav<\/a><\/audio>\n<p>&nbsp;<\/p>\n<p>Serkan \u015een:<\/p>\n<audio class=\"wp-audio-shortcode\" id=\"audio-1153-33\" preload=\"none\" style=\"width: 100%;\" controls=\"controls\"><source type=\"audio\/wav\" src=\"http:\/\/www.avantgardemedya.com\/wp-content\/uploads\/2017\/03\/Serkan-\u015een.wav?_=33\" \/><a href=\"http:\/\/www.avantgardemedya.com\/wp-content\/uploads\/2017\/03\/Serkan-\u015een.wav\">http:\/\/www.avantgardemedya.com\/wp-content\/uploads\/2017\/03\/Serkan-\u015een.wav<\/a><\/audio>\n<p>&nbsp;<\/p>\n<p>Talha Sayar:<\/p>\n<audio class=\"wp-audio-shortcode\" id=\"audio-1153-34\" preload=\"none\" style=\"width: 100%;\" controls=\"controls\"><source type=\"audio\/wav\" src=\"http:\/\/www.avantgardemedya.com\/wp-content\/uploads\/2017\/03\/Talha-Sayar.wav?_=34\" \/><a href=\"http:\/\/www.avantgardemedya.com\/wp-content\/uploads\/2017\/03\/Talha-Sayar.wav\">http:\/\/www.avantgardemedya.com\/wp-content\/uploads\/2017\/03\/Talha-Sayar.wav<\/a><\/audio>\n<p>&nbsp;<\/p>\n<p>\u00dcmit Belen:<\/p>\n<audio class=\"wp-audio-shortcode\" id=\"audio-1153-35\" preload=\"none\" style=\"width: 100%;\" controls=\"controls\"><source type=\"audio\/mpeg\" src=\"http:\/\/www.avantgardemedya.com\/wp-content\/uploads\/2017\/03\/\u00dcmit-Belen.mp3?_=35\" \/><a href=\"http:\/\/www.avantgardemedya.com\/wp-content\/uploads\/2017\/03\/\u00dcmit-Belen.mp3\">http:\/\/www.avantgardemedya.com\/wp-content\/uploads\/2017\/03\/\u00dcmit-Belen.mp3<\/a><\/audio>\n","protected":false},"excerpt":{"rendered":"<p>Animasyon\/Karakter: Arda Kavakl\u0131o\u011flu: &nbsp; Burak Alptekin: &nbsp; Efe Erdem: &nbsp; Emin Yara\u00e7: &nbsp; G\u00f6khan \u015eim\u015fek: &nbsp; Hakan Koluk\u0131sa: &nbsp; \u0130skender Ba\u011fc\u0131lar: &nbsp; Murat Pros\u00e7iler: &nbsp; Tarkan Ko\u00e7: &nbsp; \u00dcnsal \u015eahin: \u00c7ocuk: Ali Hekimo\u011flu: &nbsp; Co\u015fkun Tonga: &nbsp; Efe Erdem: &nbsp; Fatih \u00d6zkul: &nbsp; G\u00f6khan Akcakara: &nbsp; Mert Ayd\u0131n: &nbsp; Umut Kemal Sevin: M\u00fczikal\/\u015eark\u0131: Besnik Ademo\u011flu: [&hellip;]<\/p>\n","protected":false},"author":1,"featured_media":0,"parent":951,"menu_order":2,"comment_status":"closed","ping_status":"closed","template":"","meta":[],"_links":{"self":[{"href":"https:\/\/www.avantgardemedya.com\/index.php\/wp-json\/wp\/v2\/pages\/1153"}],"collection":[{"href":"https:\/\/www.avantgardemedya.com\/index.php\/wp-json\/wp\/v2\/pages"}],"about":[{"href":"https:\/\/www.avantgardemedya.com\/index.php\/wp-json\/wp\/v2\/types\/page"}],"author":[{"embeddable":true,"href":"https:\/\/www.avantgardemedya.com\/index.php\/wp-json\/wp\/v2\/users\/1"}],"replies":[{"embeddable":true,"href":"https:\/\/www.avantgardemedya.com\/index.php\/wp-json\/wp\/v2\/comments?post=1153"}],"version-history":[{"count":5,"href":"https:\/\/www.avantgardemedya.com\/index.php\/wp-json\/wp\/v2\/pages\/1153\/revisions"}],"predecessor-version":[{"id":2803,"href":"https:\/\/www.avantgardemedya.com\/index.php\/wp-json\/wp\/v2\/pages\/1153\/revisions\/2803"}],"up":[{"embeddable":true,"href":"https:\/\/www.avantgardemedya.com\/index.php\/wp-json\/wp\/v2\/pages\/951"}],"wp:attachment":[{"href":"https:\/\/www.avantgardemedya.com\/index.php\/wp-json\/wp\/v2\/media?parent=1153"}],"curies":[{"name":"wp","href":"https:\/\/api.w.org\/{rel}","templated":true}]}}