{"id":1155,"date":"2017-03-17T23:48:00","date_gmt":"2017-03-17T21:48:00","guid":{"rendered":"http:\/\/partinindibi.com\/?page_id=1155"},"modified":"2019-06-22T01:26:23","modified_gmt":"2019-06-22T01:26:23","slug":"bayan","status":"publish","type":"page","link":"https:\/\/www.avantgardemedya.com\/index.php\/tr\/castimiz\/bayan\/","title":{"rendered":"BAYAN"},"content":{"rendered":"<h1 style=\"text-align: left;\">Animasyon\/Karakter:<\/h1>\n<p>Bergen Co\u015fkun:<\/p>\n<!--[if lt IE 9]><script>document.createElement('audio');<\/script><![endif]-->\n<audio class=\"wp-audio-shortcode\" id=\"audio-1155-1\" preload=\"none\" style=\"width: 100%;\" controls=\"controls\"><source type=\"audio\/wav\" src=\"http:\/\/www.avantgardemedya.com\/wp-content\/uploads\/2017\/03\/Bergen-Co\u015fkun.wav?_=1\" \/><a href=\"http:\/\/www.avantgardemedya.com\/wp-content\/uploads\/2017\/03\/Bergen-Co\u015fkun.wav\">http:\/\/www.avantgardemedya.com\/wp-content\/uploads\/2017\/03\/Bergen-Co\u015fkun.wav<\/a><\/audio>\n<p>&nbsp;<\/p>\n<p>Buket G\u00f6rm\u00fc\u015f:<\/p>\n<audio class=\"wp-audio-shortcode\" id=\"audio-1155-2\" preload=\"none\" style=\"width: 100%;\" controls=\"controls\"><source type=\"audio\/wav\" src=\"http:\/\/www.avantgardemedya.com\/wp-content\/uploads\/2017\/03\/Buket-G\u00f6rm\u00fc\u015f.wav?_=2\" \/><a href=\"http:\/\/www.avantgardemedya.com\/wp-content\/uploads\/2017\/03\/Buket-G\u00f6rm\u00fc\u015f.wav\">http:\/\/www.avantgardemedya.com\/wp-content\/uploads\/2017\/03\/Buket-G\u00f6rm\u00fc\u015f.wav<\/a><\/audio>\n<p>&nbsp;<\/p>\n<p>Derya Tunatekin:<\/p>\n<audio class=\"wp-audio-shortcode\" id=\"audio-1155-3\" preload=\"none\" style=\"width: 100%;\" controls=\"controls\"><source type=\"audio\/wav\" src=\"http:\/\/www.avantgardemedya.com\/wp-content\/uploads\/2017\/03\/Derya-Tunatekin.wav?_=3\" \/><a href=\"http:\/\/www.avantgardemedya.com\/wp-content\/uploads\/2017\/03\/Derya-Tunatekin.wav\">http:\/\/www.avantgardemedya.com\/wp-content\/uploads\/2017\/03\/Derya-Tunatekin.wav<\/a><\/audio>\n<p>&nbsp;<\/p>\n<p>\u00d6zg\u00fcr Varul:<\/p>\n<audio class=\"wp-audio-shortcode\" id=\"audio-1155-4\" preload=\"none\" style=\"width: 100%;\" controls=\"controls\"><source type=\"audio\/wav\" src=\"http:\/\/www.avantgardemedya.com\/wp-content\/uploads\/2017\/03\/\u00f6zg\u00fcr-varul-animasyon.wav?_=4\" \/><a href=\"http:\/\/www.avantgardemedya.com\/wp-content\/uploads\/2017\/03\/\u00f6zg\u00fcr-varul-animasyon.wav\">http:\/\/www.avantgardemedya.com\/wp-content\/uploads\/2017\/03\/\u00f6zg\u00fcr-varul-animasyon.wav<\/a><\/audio>\n<p>&nbsp;<\/p>\n<p>Yasemin Varyemi\u015f\u00e7i:<\/p>\n<audio class=\"wp-audio-shortcode\" id=\"audio-1155-5\" preload=\"none\" style=\"width: 100%;\" controls=\"controls\"><source type=\"audio\/wav\" src=\"http:\/\/www.avantgardemedya.com\/wp-content\/uploads\/2017\/03\/yasemin-varyemi\u015f\u00e7i-animasyon.wav?_=5\" \/><a href=\"http:\/\/www.avantgardemedya.com\/wp-content\/uploads\/2017\/03\/yasemin-varyemi\u015f\u00e7i-animasyon.wav\">http:\/\/www.avantgardemedya.com\/wp-content\/uploads\/2017\/03\/yasemin-varyemi\u015f\u00e7i-animasyon.wav<\/a><\/audio>\n<p>&nbsp;<\/p>\n<p>Zeynep Er:<\/p>\n<audio class=\"wp-audio-shortcode\" id=\"audio-1155-6\" preload=\"none\" style=\"width: 100%;\" controls=\"controls\"><source type=\"audio\/wav\" src=\"http:\/\/www.avantgardemedya.com\/wp-content\/uploads\/2017\/03\/zeynep-er-animasyon.wav?_=6\" \/><a href=\"http:\/\/www.avantgardemedya.com\/wp-content\/uploads\/2017\/03\/zeynep-er-animasyon.wav\">http:\/\/www.avantgardemedya.com\/wp-content\/uploads\/2017\/03\/zeynep-er-animasyon.wav<\/a><\/audio>\n<p>&nbsp;<\/p>\n<p>Zeynep \u00d6nen:<\/p>\n<audio class=\"wp-audio-shortcode\" id=\"audio-1155-7\" preload=\"none\" style=\"width: 100%;\" controls=\"controls\"><source type=\"audio\/wav\" src=\"http:\/\/www.avantgardemedya.com\/wp-content\/uploads\/2017\/03\/zeynep-\u00f6nen-animasyon.wav?_=7\" \/><a href=\"http:\/\/www.avantgardemedya.com\/wp-content\/uploads\/2017\/03\/zeynep-\u00f6nen-animasyon.wav\">http:\/\/www.avantgardemedya.com\/wp-content\/uploads\/2017\/03\/zeynep-\u00f6nen-animasyon.wav<\/a><\/audio>\n<p>&nbsp;<\/p>\n<h1>\u00c7ocuk:<\/h1>\n<p>Bergen Co\u015fkun:<\/p>\n<audio class=\"wp-audio-shortcode\" id=\"audio-1155-8\" preload=\"none\" style=\"width: 100%;\" controls=\"controls\"><source type=\"audio\/wav\" src=\"http:\/\/www.avantgardemedya.com\/wp-content\/uploads\/2017\/03\/Bergen-Co\u015fkun-K\u0131z-\u00c7ocuk.wav?_=8\" \/><a href=\"http:\/\/www.avantgardemedya.com\/wp-content\/uploads\/2017\/03\/Bergen-Co\u015fkun-K\u0131z-\u00c7ocuk.wav\">http:\/\/www.avantgardemedya.com\/wp-content\/uploads\/2017\/03\/Bergen-Co\u015fkun-K\u0131z-\u00c7ocuk.wav<\/a><\/audio>\n<p>&nbsp;<\/p>\n<p>Buket G\u00f6rm\u00fc\u015f:<\/p>\n<audio class=\"wp-audio-shortcode\" id=\"audio-1155-9\" preload=\"none\" style=\"width: 100%;\" controls=\"controls\"><source type=\"audio\/wav\" src=\"http:\/\/www.avantgardemedya.com\/wp-content\/uploads\/2017\/03\/Buket-G\u00f6rm\u00fc\u015f-K\u0131z-\u00c7ocuk.wav?_=9\" \/><a href=\"http:\/\/www.avantgardemedya.com\/wp-content\/uploads\/2017\/03\/Buket-G\u00f6rm\u00fc\u015f-K\u0131z-\u00c7ocuk.wav\">http:\/\/www.avantgardemedya.com\/wp-content\/uploads\/2017\/03\/Buket-G\u00f6rm\u00fc\u015f-K\u0131z-\u00c7ocuk.wav<\/a><\/audio>\n<p>&nbsp;<\/p>\n<p>Esra \u015eahin:<\/p>\n<audio class=\"wp-audio-shortcode\" id=\"audio-1155-10\" preload=\"none\" style=\"width: 100%;\" controls=\"controls\"><source type=\"audio\/wav\" src=\"http:\/\/www.avantgardemedya.com\/wp-content\/uploads\/2017\/03\/Esra-Sahin-K\u0131z-\u00c7ocuk.wav?_=10\" \/><a href=\"http:\/\/www.avantgardemedya.com\/wp-content\/uploads\/2017\/03\/Esra-Sahin-K\u0131z-\u00c7ocuk.wav\">http:\/\/www.avantgardemedya.com\/wp-content\/uploads\/2017\/03\/Esra-Sahin-K\u0131z-\u00c7ocuk.wav<\/a><\/audio>\n<p>&nbsp;<\/p>\n<p>Zencan Sakal:<\/p>\n<audio class=\"wp-audio-shortcode\" id=\"audio-1155-11\" preload=\"none\" style=\"width: 100%;\" controls=\"controls\"><source type=\"audio\/wav\" src=\"http:\/\/www.avantgardemedya.com\/wp-content\/uploads\/2017\/03\/Zencan-Sakal-k\u0131z-\u00e7ocuk.wav?_=11\" \/><a href=\"http:\/\/www.avantgardemedya.com\/wp-content\/uploads\/2017\/03\/Zencan-Sakal-k\u0131z-\u00e7ocuk.wav\">http:\/\/www.avantgardemedya.com\/wp-content\/uploads\/2017\/03\/Zencan-Sakal-k\u0131z-\u00e7ocuk.wav<\/a><\/audio>\n<p>&nbsp;<\/p>\n<p>Cemre \u00d6zden:<\/p>\n<audio class=\"wp-audio-shortcode\" id=\"audio-1155-12\" preload=\"none\" style=\"width: 100%;\" controls=\"controls\"><source type=\"audio\/wav\" src=\"http:\/\/www.avantgardemedya.com\/wp-content\/uploads\/2017\/03\/Cemre-Ozden-cocuk-ornek.wav?_=12\" \/><a href=\"http:\/\/www.avantgardemedya.com\/wp-content\/uploads\/2017\/03\/Cemre-Ozden-cocuk-ornek.wav\">http:\/\/www.avantgardemedya.com\/wp-content\/uploads\/2017\/03\/Cemre-Ozden-cocuk-ornek.wav<\/a><\/audio>\n<p>&nbsp;<\/p>\n<p>M\u00fcjde \u00c7apraz:<\/p>\n<audio class=\"wp-audio-shortcode\" id=\"audio-1155-13\" preload=\"none\" style=\"width: 100%;\" controls=\"controls\"><source type=\"audio\/wav\" src=\"http:\/\/www.avantgardemedya.com\/wp-content\/uploads\/2017\/03\/Mujde-Capraz-cocuk-ornek.wav?_=13\" \/><a href=\"http:\/\/www.avantgardemedya.com\/wp-content\/uploads\/2017\/03\/Mujde-Capraz-cocuk-ornek.wav\">http:\/\/www.avantgardemedya.com\/wp-content\/uploads\/2017\/03\/Mujde-Capraz-cocuk-ornek.wav<\/a><\/audio>\n<p>&nbsp;<\/p>\n<p>Yasemin Varyemi\u015f\u00e7i:<\/p>\n<audio class=\"wp-audio-shortcode\" id=\"audio-1155-14\" preload=\"none\" style=\"width: 100%;\" controls=\"controls\"><source type=\"audio\/wav\" src=\"http:\/\/www.avantgardemedya.com\/wp-content\/uploads\/2017\/03\/yasemin-varyemi\u015f\u00e7i-K\u0131z-\u00c7ocuk.wav?_=14\" \/><a href=\"http:\/\/www.avantgardemedya.com\/wp-content\/uploads\/2017\/03\/yasemin-varyemi\u015f\u00e7i-K\u0131z-\u00c7ocuk.wav\">http:\/\/www.avantgardemedya.com\/wp-content\/uploads\/2017\/03\/yasemin-varyemi\u015f\u00e7i-K\u0131z-\u00c7ocuk.wav<\/a><\/audio>\n<p>&nbsp;<\/p>\n<p>Zeynep Er:<\/p>\n<audio class=\"wp-audio-shortcode\" id=\"audio-1155-15\" preload=\"none\" style=\"width: 100%;\" controls=\"controls\"><source type=\"audio\/wav\" src=\"http:\/\/www.avantgardemedya.com\/wp-content\/uploads\/2017\/03\/zeynep-er-K\u0131z-\u00c7ocuk.wav?_=15\" \/><a href=\"http:\/\/www.avantgardemedya.com\/wp-content\/uploads\/2017\/03\/zeynep-er-K\u0131z-\u00c7ocuk.wav\">http:\/\/www.avantgardemedya.com\/wp-content\/uploads\/2017\/03\/zeynep-er-K\u0131z-\u00c7ocuk.wav<\/a><\/audio>\n<p>&nbsp;<\/p>\n<p>Zeynep \u00d6nen:<\/p>\n<audio class=\"wp-audio-shortcode\" id=\"audio-1155-16\" preload=\"none\" style=\"width: 100%;\" controls=\"controls\"><source type=\"audio\/wav\" src=\"http:\/\/www.avantgardemedya.com\/wp-content\/uploads\/2017\/03\/zeynep-\u00f6nen-K\u0131z-\u00c7ocuk.wav?_=16\" \/><a href=\"http:\/\/www.avantgardemedya.com\/wp-content\/uploads\/2017\/03\/zeynep-\u00f6nen-K\u0131z-\u00c7ocuk.wav\">http:\/\/www.avantgardemedya.com\/wp-content\/uploads\/2017\/03\/zeynep-\u00f6nen-K\u0131z-\u00c7ocuk.wav<\/a><\/audio>\n<p>&nbsp;<\/p>\n<h1>M\u00fczikal\/\u015eark\u0131:<\/h1>\n<p>Asl\u0131han Ertu\u011frul:<\/p>\n<audio class=\"wp-audio-shortcode\" id=\"audio-1155-17\" preload=\"none\" style=\"width: 100%;\" controls=\"controls\"><source type=\"audio\/wav\" src=\"http:\/\/www.avantgardemedya.com\/wp-content\/uploads\/2017\/03\/Asl\u0131han-Ertu\u011frul-\u015eark\u0131.wav?_=17\" \/><a href=\"http:\/\/www.avantgardemedya.com\/wp-content\/uploads\/2017\/03\/Asl\u0131han-Ertu\u011frul-\u015eark\u0131.wav\">http:\/\/www.avantgardemedya.com\/wp-content\/uploads\/2017\/03\/Asl\u0131han-Ertu\u011frul-\u015eark\u0131.wav<\/a><\/audio>\n<p>&nbsp;<\/p>\n<p>Beg\u00fcm G\u00fcnceler:<\/p>\n<audio class=\"wp-audio-shortcode\" id=\"audio-1155-18\" preload=\"none\" style=\"width: 100%;\" controls=\"controls\"><source type=\"audio\/wav\" src=\"http:\/\/www.avantgardemedya.com\/wp-content\/uploads\/2017\/03\/Beg\u00fcm-G\u00fcnceler-\u015eark\u0131.wav?_=18\" \/><a href=\"http:\/\/www.avantgardemedya.com\/wp-content\/uploads\/2017\/03\/Beg\u00fcm-G\u00fcnceler-\u015eark\u0131.wav\">http:\/\/www.avantgardemedya.com\/wp-content\/uploads\/2017\/03\/Beg\u00fcm-G\u00fcnceler-\u015eark\u0131.wav<\/a><\/audio>\n<p>&nbsp;<\/p>\n<p>Berna \u00d6z\u00e7ivi:<\/p>\n<audio class=\"wp-audio-shortcode\" id=\"audio-1155-19\" preload=\"none\" style=\"width: 100%;\" controls=\"controls\"><source type=\"audio\/wav\" src=\"http:\/\/www.avantgardemedya.com\/wp-content\/uploads\/2017\/03\/Berna-\u00d6z\u00e7ivi-\u015eark\u0131.wav?_=19\" \/><a href=\"http:\/\/www.avantgardemedya.com\/wp-content\/uploads\/2017\/03\/Berna-\u00d6z\u00e7ivi-\u015eark\u0131.wav\">http:\/\/www.avantgardemedya.com\/wp-content\/uploads\/2017\/03\/Berna-\u00d6z\u00e7ivi-\u015eark\u0131.wav<\/a><\/audio>\n<p>&nbsp;<\/p>\n<p>Ezgi Erol:<\/p>\n<audio class=\"wp-audio-shortcode\" id=\"audio-1155-20\" preload=\"none\" style=\"width: 100%;\" controls=\"controls\"><source type=\"audio\/wav\" src=\"http:\/\/www.avantgardemedya.com\/wp-content\/uploads\/2017\/03\/Ezgi-Erol-\u015eark\u0131.wav?_=20\" \/><a href=\"http:\/\/www.avantgardemedya.com\/wp-content\/uploads\/2017\/03\/Ezgi-Erol-\u015eark\u0131.wav\">http:\/\/www.avantgardemedya.com\/wp-content\/uploads\/2017\/03\/Ezgi-Erol-\u015eark\u0131.wav<\/a><\/audio>\n<p>&nbsp;<\/p>\n<p>G\u00fclnur Badakal:<\/p>\n<audio class=\"wp-audio-shortcode\" id=\"audio-1155-21\" preload=\"none\" style=\"width: 100%;\" controls=\"controls\"><source type=\"audio\/wav\" src=\"http:\/\/www.avantgardemedya.com\/wp-content\/uploads\/2017\/03\/G\u00fclnur-Badakal-\u015eark\u0131.wav?_=21\" \/><a href=\"http:\/\/www.avantgardemedya.com\/wp-content\/uploads\/2017\/03\/G\u00fclnur-Badakal-\u015eark\u0131.wav\">http:\/\/www.avantgardemedya.com\/wp-content\/uploads\/2017\/03\/G\u00fclnur-Badakal-\u015eark\u0131.wav<\/a><\/audio>\n<p>&nbsp;<\/p>\n<h1>Di\u011fer:<\/h1>\n<p>Bergen Co\u015fkun:<\/p>\n<audio class=\"wp-audio-shortcode\" id=\"audio-1155-22\" preload=\"none\" style=\"width: 100%;\" controls=\"controls\"><source type=\"audio\/wav\" src=\"http:\/\/www.avantgardemedya.com\/wp-content\/uploads\/2017\/03\/BERGEN_CO\u015eKUN.wav?_=22\" \/><a href=\"http:\/\/www.avantgardemedya.com\/wp-content\/uploads\/2017\/03\/BERGEN_CO\u015eKUN.wav\">http:\/\/www.avantgardemedya.com\/wp-content\/uploads\/2017\/03\/BERGEN_CO\u015eKUN.wav<\/a><\/audio>\n<p>&nbsp;<\/p>\n<p>Bur\u00e7in Artut:<\/p>\n<audio class=\"wp-audio-shortcode\" id=\"audio-1155-23\" preload=\"none\" style=\"width: 100%;\" controls=\"controls\"><source type=\"audio\/wav\" src=\"http:\/\/www.avantgardemedya.com\/wp-content\/uploads\/2017\/03\/Bur\u00e7in-Artut.wav?_=23\" \/><a href=\"http:\/\/www.avantgardemedya.com\/wp-content\/uploads\/2017\/03\/Bur\u00e7in-Artut.wav\">http:\/\/www.avantgardemedya.com\/wp-content\/uploads\/2017\/03\/Bur\u00e7in-Artut.wav<\/a><\/audio>\n<p>&nbsp;<\/p>\n<p>Derya Tunatekin:<\/p>\n<audio class=\"wp-audio-shortcode\" id=\"audio-1155-24\" preload=\"none\" style=\"width: 100%;\" controls=\"controls\"><source type=\"audio\/wav\" src=\"http:\/\/www.avantgardemedya.com\/wp-content\/uploads\/2017\/03\/Derya-Tunatekin-1.wav?_=24\" \/><a href=\"http:\/\/www.avantgardemedya.com\/wp-content\/uploads\/2017\/03\/Derya-Tunatekin-1.wav\">http:\/\/www.avantgardemedya.com\/wp-content\/uploads\/2017\/03\/Derya-Tunatekin-1.wav<\/a><\/audio>\n<p>&nbsp;<\/p>\n<p>Elif Erik:<\/p>\n<audio class=\"wp-audio-shortcode\" id=\"audio-1155-25\" preload=\"none\" style=\"width: 100%;\" controls=\"controls\"><source type=\"audio\/wav\" src=\"http:\/\/www.avantgardemedya.com\/wp-content\/uploads\/2017\/03\/Elif-Erik-yetiskin-ornek.wav?_=25\" \/><a href=\"http:\/\/www.avantgardemedya.com\/wp-content\/uploads\/2017\/03\/Elif-Erik-yetiskin-ornek.wav\">http:\/\/www.avantgardemedya.com\/wp-content\/uploads\/2017\/03\/Elif-Erik-yetiskin-ornek.wav<\/a><\/audio>\n<p>&nbsp;<\/p>\n<p>Funda K\u00f6seo\u011flu:<\/p>\n<audio class=\"wp-audio-shortcode\" id=\"audio-1155-26\" preload=\"none\" style=\"width: 100%;\" controls=\"controls\"><source type=\"audio\/wav\" src=\"http:\/\/www.avantgardemedya.com\/wp-content\/uploads\/2017\/03\/FUNDA-_K\u00d6SEO\u011eLU.wav?_=26\" \/><a href=\"http:\/\/www.avantgardemedya.com\/wp-content\/uploads\/2017\/03\/FUNDA-_K\u00d6SEO\u011eLU.wav\">http:\/\/www.avantgardemedya.com\/wp-content\/uploads\/2017\/03\/FUNDA-_K\u00d6SEO\u011eLU.wav<\/a><\/audio>\n<p>&nbsp;<\/p>\n<p>G\u00fclnur Badakal:<\/p>\n<audio class=\"wp-audio-shortcode\" id=\"audio-1155-27\" preload=\"none\" style=\"width: 100%;\" controls=\"controls\"><source type=\"audio\/wav\" src=\"http:\/\/www.avantgardemedya.com\/wp-content\/uploads\/2017\/03\/G\u00fclnur-Badakal.wav?_=27\" \/><a href=\"http:\/\/www.avantgardemedya.com\/wp-content\/uploads\/2017\/03\/G\u00fclnur-Badakal.wav\">http:\/\/www.avantgardemedya.com\/wp-content\/uploads\/2017\/03\/G\u00fclnur-Badakal.wav<\/a><\/audio>\n<p>&nbsp;<\/p>\n<p>M\u00fcjde Capraz:<\/p>\n<audio class=\"wp-audio-shortcode\" id=\"audio-1155-28\" preload=\"none\" style=\"width: 100%;\" controls=\"controls\"><source type=\"audio\/wav\" src=\"http:\/\/www.avantgardemedya.com\/wp-content\/uploads\/2017\/03\/Mujde-Capraz.wav?_=28\" \/><a href=\"http:\/\/www.avantgardemedya.com\/wp-content\/uploads\/2017\/03\/Mujde-Capraz.wav\">http:\/\/www.avantgardemedya.com\/wp-content\/uploads\/2017\/03\/Mujde-Capraz.wav<\/a><\/audio>\n<p>&nbsp;<\/p>\n<p>Nuray Atasever:<\/p>\n<audio class=\"wp-audio-shortcode\" id=\"audio-1155-29\" preload=\"none\" style=\"width: 100%;\" controls=\"controls\"><source type=\"audio\/mpeg\" src=\"http:\/\/www.avantgardemedya.com\/wp-content\/uploads\/2017\/03\/Nuray-Atasever.mp3?_=29\" \/><a href=\"http:\/\/www.avantgardemedya.com\/wp-content\/uploads\/2017\/03\/Nuray-Atasever.mp3\">http:\/\/www.avantgardemedya.com\/wp-content\/uploads\/2017\/03\/Nuray-Atasever.mp3<\/a><\/audio>\n<p>&nbsp;<\/p>\n<p>\u00d6zge \u00c7e\u00e7en:<\/p>\n<audio class=\"wp-audio-shortcode\" id=\"audio-1155-30\" preload=\"none\" style=\"width: 100%;\" controls=\"controls\"><source type=\"audio\/wav\" src=\"http:\/\/www.avantgardemedya.com\/wp-content\/uploads\/2017\/03\/\u00d6zge-\u00c7e\u00e7en.wav?_=30\" \/><a href=\"http:\/\/www.avantgardemedya.com\/wp-content\/uploads\/2017\/03\/\u00d6zge-\u00c7e\u00e7en.wav\">http:\/\/www.avantgardemedya.com\/wp-content\/uploads\/2017\/03\/\u00d6zge-\u00c7e\u00e7en.wav<\/a><\/audio>\n<p>&nbsp;<\/p>\n<p>\u00d6zg\u00fcr Varul:<\/p>\n<audio class=\"wp-audio-shortcode\" id=\"audio-1155-31\" preload=\"none\" style=\"width: 100%;\" controls=\"controls\"><source type=\"audio\/wav\" src=\"http:\/\/www.avantgardemedya.com\/wp-content\/uploads\/2017\/03\/\u00f6zg\u00fcr-varul-1.wav?_=31\" \/><a href=\"http:\/\/www.avantgardemedya.com\/wp-content\/uploads\/2017\/03\/\u00f6zg\u00fcr-varul-1.wav\">http:\/\/www.avantgardemedya.com\/wp-content\/uploads\/2017\/03\/\u00f6zg\u00fcr-varul-1.wav<\/a><\/audio>\n<p>&nbsp;<\/p>\n<p>Seda Can:<\/p>\n<audio class=\"wp-audio-shortcode\" id=\"audio-1155-32\" preload=\"none\" style=\"width: 100%;\" controls=\"controls\"><source type=\"audio\/wav\" src=\"http:\/\/www.avantgardemedya.com\/wp-content\/uploads\/2017\/03\/seda-can-1.wav?_=32\" \/><a href=\"http:\/\/www.avantgardemedya.com\/wp-content\/uploads\/2017\/03\/seda-can-1.wav\">http:\/\/www.avantgardemedya.com\/wp-content\/uploads\/2017\/03\/seda-can-1.wav<\/a><\/audio>\n<p>&nbsp;<\/p>\n<p>Selay Ta\u015fd\u00f6\u011fen:<\/p>\n<audio class=\"wp-audio-shortcode\" id=\"audio-1155-33\" preload=\"none\" style=\"width: 100%;\" controls=\"controls\"><source type=\"audio\/wav\" src=\"http:\/\/www.avantgardemedya.com\/wp-content\/uploads\/2017\/03\/Selay-Ta\u015fd\u00f6\u011fen.wav?_=33\" \/><a href=\"http:\/\/www.avantgardemedya.com\/wp-content\/uploads\/2017\/03\/Selay-Ta\u015fd\u00f6\u011fen.wav\">http:\/\/www.avantgardemedya.com\/wp-content\/uploads\/2017\/03\/Selay-Ta\u015fd\u00f6\u011fen.wav<\/a><\/audio>\n<p>&nbsp;<\/p>\n<p>Sema Kahriman:<\/p>\n<audio class=\"wp-audio-shortcode\" id=\"audio-1155-34\" preload=\"none\" style=\"width: 100%;\" controls=\"controls\"><source type=\"audio\/wav\" src=\"http:\/\/www.avantgardemedya.com\/wp-content\/uploads\/2017\/03\/Sema-Kahriman.wav?_=34\" \/><a href=\"http:\/\/www.avantgardemedya.com\/wp-content\/uploads\/2017\/03\/Sema-Kahriman.wav\">http:\/\/www.avantgardemedya.com\/wp-content\/uploads\/2017\/03\/Sema-Kahriman.wav<\/a><\/audio>\n<p>&nbsp;<\/p>\n<p>Zeynep \u00d6nen:<\/p>\n<audio class=\"wp-audio-shortcode\" id=\"audio-1155-35\" preload=\"none\" style=\"width: 100%;\" controls=\"controls\"><source type=\"audio\/wav\" src=\"http:\/\/www.avantgardemedya.com\/wp-content\/uploads\/2017\/03\/zeynep-\u00f6nen-01.wav?_=35\" \/><a href=\"http:\/\/www.avantgardemedya.com\/wp-content\/uploads\/2017\/03\/zeynep-\u00f6nen-01.wav\">http:\/\/www.avantgardemedya.com\/wp-content\/uploads\/2017\/03\/zeynep-\u00f6nen-01.wav<\/a><\/audio>\n<p>&nbsp;<\/p>\n","protected":false},"excerpt":{"rendered":"<p>Animasyon\/Karakter: Bergen Co\u015fkun: &nbsp; Buket G\u00f6rm\u00fc\u015f: &nbsp; Derya Tunatekin: &nbsp; \u00d6zg\u00fcr Varul: &nbsp; Yasemin Varyemi\u015f\u00e7i: &nbsp; Zeynep Er: &nbsp; Zeynep \u00d6nen: &nbsp; \u00c7ocuk: Bergen Co\u015fkun: &nbsp; Buket G\u00f6rm\u00fc\u015f: &nbsp; Esra \u015eahin: &nbsp; Zencan Sakal: &nbsp; Cemre \u00d6zden: &nbsp; M\u00fcjde \u00c7apraz: &nbsp; Yasemin Varyemi\u015f\u00e7i: &nbsp; Zeynep Er: &nbsp; Zeynep \u00d6nen: &nbsp; M\u00fczikal\/\u015eark\u0131: Asl\u0131han Ertu\u011frul: &nbsp; Beg\u00fcm [&hellip;]<\/p>\n","protected":false},"author":1,"featured_media":0,"parent":951,"menu_order":1,"comment_status":"closed","ping_status":"closed","template":"","meta":[],"_links":{"self":[{"href":"https:\/\/www.avantgardemedya.com\/index.php\/wp-json\/wp\/v2\/pages\/1155"}],"collection":[{"href":"https:\/\/www.avantgardemedya.com\/index.php\/wp-json\/wp\/v2\/pages"}],"about":[{"href":"https:\/\/www.avantgardemedya.com\/index.php\/wp-json\/wp\/v2\/types\/page"}],"author":[{"embeddable":true,"href":"https:\/\/www.avantgardemedya.com\/index.php\/wp-json\/wp\/v2\/users\/1"}],"replies":[{"embeddable":true,"href":"https:\/\/www.avantgardemedya.com\/index.php\/wp-json\/wp\/v2\/comments?post=1155"}],"version-history":[{"count":8,"href":"https:\/\/www.avantgardemedya.com\/index.php\/wp-json\/wp\/v2\/pages\/1155\/revisions"}],"predecessor-version":[{"id":2877,"href":"https:\/\/www.avantgardemedya.com\/index.php\/wp-json\/wp\/v2\/pages\/1155\/revisions\/2877"}],"up":[{"embeddable":true,"href":"https:\/\/www.avantgardemedya.com\/index.php\/wp-json\/wp\/v2\/pages\/951"}],"wp:attachment":[{"href":"https:\/\/www.avantgardemedya.com\/index.php\/wp-json\/wp\/v2\/media?parent=1155"}],"curies":[{"name":"wp","href":"https:\/\/api.w.org\/{rel}","templated":true}]}}