{"id":2937,"date":"2019-07-23T17:49:27","date_gmt":"2019-07-23T17:49:27","guid":{"rendered":"http:\/\/www.avantgardemedya.com\/?page_id=2937"},"modified":"2019-08-19T16:16:58","modified_gmt":"2019-08-19T16:16:58","slug":"bay","status":"publish","type":"page","link":"https:\/\/www.avantgardemedya.com\/index.php\/tr\/castimiz\/reklam-demo\/bay\/","title":{"rendered":"BAY"},"content":{"rendered":"<p>Adilcan Demirel<\/p>\n<!--[if lt IE 9]><script>document.createElement('audio');<\/script><![endif]-->\n<audio class=\"wp-audio-shortcode\" id=\"audio-2937-1\" preload=\"none\" style=\"width: 100%;\" controls=\"controls\"><source type=\"audio\/mpeg\" src=\"http:\/\/www.avantgardemedya.com\/wp-content\/uploads\/2019\/07\/Adilcan-Demirel-1.mp3?_=1\" \/><a href=\"http:\/\/www.avantgardemedya.com\/wp-content\/uploads\/2019\/07\/Adilcan-Demirel-1.mp3\">http:\/\/www.avantgardemedya.com\/wp-content\/uploads\/2019\/07\/Adilcan-Demirel-1.mp3<\/a><\/audio>\n<p>&nbsp;<\/p>\n<p>Berk Avc\u0131<\/p>\n<audio class=\"wp-audio-shortcode\" id=\"audio-2937-2\" preload=\"none\" style=\"width: 100%;\" controls=\"controls\"><source type=\"audio\/mpeg\" src=\"http:\/\/www.avantgardemedya.com\/wp-content\/uploads\/2019\/07\/Berk-Avc\u0131-1.mp3?_=2\" \/><a href=\"http:\/\/www.avantgardemedya.com\/wp-content\/uploads\/2019\/07\/Berk-Avc\u0131-1.mp3\">http:\/\/www.avantgardemedya.com\/wp-content\/uploads\/2019\/07\/Berk-Avc\u0131-1.mp3<\/a><\/audio>\n<p>&nbsp;<\/p>\n<p>\u015eener Sava\u015f<\/p>\n<audio class=\"wp-audio-shortcode\" id=\"audio-2937-3\" preload=\"none\" style=\"width: 100%;\" controls=\"controls\"><source type=\"audio\/mpeg\" src=\"http:\/\/www.avantgardemedya.com\/wp-content\/uploads\/2019\/07\/\u015eener-Sava\u015f.mp3?_=3\" \/><a href=\"http:\/\/www.avantgardemedya.com\/wp-content\/uploads\/2019\/07\/\u015eener-Sava\u015f.mp3\">http:\/\/www.avantgardemedya.com\/wp-content\/uploads\/2019\/07\/\u015eener-Sava\u015f.mp3<\/a><\/audio>\n<p>&nbsp;<\/p>\n<p>\u00dcmit Bilen<\/p>\n<audio class=\"wp-audio-shortcode\" id=\"audio-2937-4\" preload=\"none\" style=\"width: 100%;\" controls=\"controls\"><source type=\"audio\/mpeg\" src=\"http:\/\/www.avantgardemedya.com\/wp-content\/uploads\/2019\/07\/\u00dcmit-Bilen.mp3?_=4\" \/><a href=\"http:\/\/www.avantgardemedya.com\/wp-content\/uploads\/2019\/07\/\u00dcmit-Bilen.mp3\">http:\/\/www.avantgardemedya.com\/wp-content\/uploads\/2019\/07\/\u00dcmit-Bilen.mp3<\/a><\/audio>\n<p>&nbsp;<\/p>\n<p>\u00d6mer Atalay<\/p>\n<audio class=\"wp-audio-shortcode\" id=\"audio-2937-5\" preload=\"none\" style=\"width: 100%;\" controls=\"controls\"><source type=\"audio\/mpeg\" src=\"http:\/\/www.avantgardemedya.com\/wp-content\/uploads\/2019\/07\/\u00d6mer-Atalay.mp3?_=5\" \/><a href=\"http:\/\/www.avantgardemedya.com\/wp-content\/uploads\/2019\/07\/\u00d6mer-Atalay.mp3\">http:\/\/www.avantgardemedya.com\/wp-content\/uploads\/2019\/07\/\u00d6mer-Atalay.mp3<\/a><\/audio>\n<p>&nbsp;<\/p>\n<p>Umut Tabak<\/p>\n<audio class=\"wp-audio-shortcode\" id=\"audio-2937-6\" preload=\"none\" style=\"width: 100%;\" controls=\"controls\"><source type=\"audio\/mpeg\" src=\"http:\/\/www.avantgardemedya.com\/wp-content\/uploads\/2019\/07\/Umut-Tabak.mp3?_=6\" \/><a href=\"http:\/\/www.avantgardemedya.com\/wp-content\/uploads\/2019\/07\/Umut-Tabak.mp3\">http:\/\/www.avantgardemedya.com\/wp-content\/uploads\/2019\/07\/Umut-Tabak.mp3<\/a><\/audio>\n<p>&nbsp;<\/p>\n<p>Umut Kemal Sevin<\/p>\n<audio class=\"wp-audio-shortcode\" id=\"audio-2937-7\" preload=\"none\" style=\"width: 100%;\" controls=\"controls\"><source type=\"audio\/mpeg\" src=\"http:\/\/www.avantgardemedya.com\/wp-content\/uploads\/2019\/07\/Umut-Kemal-Sevin.mp3?_=7\" \/><a href=\"http:\/\/www.avantgardemedya.com\/wp-content\/uploads\/2019\/07\/Umut-Kemal-Sevin.mp3\">http:\/\/www.avantgardemedya.com\/wp-content\/uploads\/2019\/07\/Umut-Kemal-Sevin.mp3<\/a><\/audio>\n<p>&nbsp;<\/p>\n<p>Umut Aksoy<\/p>\n<audio class=\"wp-audio-shortcode\" id=\"audio-2937-8\" preload=\"none\" style=\"width: 100%;\" controls=\"controls\"><source type=\"audio\/mpeg\" src=\"http:\/\/www.avantgardemedya.com\/wp-content\/uploads\/2019\/07\/Umut-Aksoy.mp3?_=8\" \/><a href=\"http:\/\/www.avantgardemedya.com\/wp-content\/uploads\/2019\/07\/Umut-Aksoy.mp3\">http:\/\/www.avantgardemedya.com\/wp-content\/uploads\/2019\/07\/Umut-Aksoy.mp3<\/a><\/audio>\n<p>&nbsp;<\/p>\n<p>Tuna \u00d6ztun\u00e7<\/p>\n<audio class=\"wp-audio-shortcode\" id=\"audio-2937-9\" preload=\"none\" style=\"width: 100%;\" controls=\"controls\"><source type=\"audio\/mpeg\" src=\"http:\/\/www.avantgardemedya.com\/wp-content\/uploads\/2019\/07\/Tuna-\u00d6ztun\u00e7.mp3?_=9\" \/><a href=\"http:\/\/www.avantgardemedya.com\/wp-content\/uploads\/2019\/07\/Tuna-\u00d6ztun\u00e7.mp3\">http:\/\/www.avantgardemedya.com\/wp-content\/uploads\/2019\/07\/Tuna-\u00d6ztun\u00e7.mp3<\/a><\/audio>\n<p>&nbsp;<\/p>\n<p>Sonat Dursun<\/p>\n<audio class=\"wp-audio-shortcode\" id=\"audio-2937-10\" preload=\"none\" style=\"width: 100%;\" controls=\"controls\"><source type=\"audio\/mpeg\" src=\"http:\/\/www.avantgardemedya.com\/wp-content\/uploads\/2019\/07\/Sonat-Dursun.mp3?_=10\" \/><a href=\"http:\/\/www.avantgardemedya.com\/wp-content\/uploads\/2019\/07\/Sonat-Dursun.mp3\">http:\/\/www.avantgardemedya.com\/wp-content\/uploads\/2019\/07\/Sonat-Dursun.mp3<\/a><\/audio>\n<p>&nbsp;<\/p>\n<p>Mutlu Albayram<\/p>\n<audio class=\"wp-audio-shortcode\" id=\"audio-2937-11\" preload=\"none\" style=\"width: 100%;\" controls=\"controls\"><source type=\"audio\/mpeg\" src=\"http:\/\/www.avantgardemedya.com\/wp-content\/uploads\/2019\/07\/Mutlu-Albayram.mp3?_=11\" \/><a href=\"http:\/\/www.avantgardemedya.com\/wp-content\/uploads\/2019\/07\/Mutlu-Albayram.mp3\">http:\/\/www.avantgardemedya.com\/wp-content\/uploads\/2019\/07\/Mutlu-Albayram.mp3<\/a><\/audio>\n<p>&nbsp;<\/p>\n<p>Mesut Uz<\/p>\n<audio class=\"wp-audio-shortcode\" id=\"audio-2937-12\" preload=\"none\" style=\"width: 100%;\" controls=\"controls\"><source type=\"audio\/mpeg\" src=\"http:\/\/www.avantgardemedya.com\/wp-content\/uploads\/2019\/07\/Mesut-Uz.mp3?_=12\" \/><a href=\"http:\/\/www.avantgardemedya.com\/wp-content\/uploads\/2019\/07\/Mesut-Uz.mp3\">http:\/\/www.avantgardemedya.com\/wp-content\/uploads\/2019\/07\/Mesut-Uz.mp3<\/a><\/audio>\n<p>&nbsp;<\/p>\n<p>Levent D\u00f6nmez<\/p>\n<audio class=\"wp-audio-shortcode\" id=\"audio-2937-13\" preload=\"none\" style=\"width: 100%;\" controls=\"controls\"><source type=\"audio\/mpeg\" src=\"http:\/\/www.avantgardemedya.com\/wp-content\/uploads\/2019\/07\/Levent-D\u00f6nmez.mp3?_=13\" \/><a href=\"http:\/\/www.avantgardemedya.com\/wp-content\/uploads\/2019\/07\/Levent-D\u00f6nmez.mp3\">http:\/\/www.avantgardemedya.com\/wp-content\/uploads\/2019\/07\/Levent-D\u00f6nmez.mp3<\/a><\/audio>\n<p>&nbsp;<\/p>\n<p>Kaan Songun<\/p>\n<audio class=\"wp-audio-shortcode\" id=\"audio-2937-14\" preload=\"none\" style=\"width: 100%;\" controls=\"controls\"><source type=\"audio\/mpeg\" src=\"http:\/\/www.avantgardemedya.com\/wp-content\/uploads\/2019\/07\/Kaan-Songun.mp3?_=14\" \/><a href=\"http:\/\/www.avantgardemedya.com\/wp-content\/uploads\/2019\/07\/Kaan-Songun.mp3\">http:\/\/www.avantgardemedya.com\/wp-content\/uploads\/2019\/07\/Kaan-Songun.mp3<\/a><\/audio>\n<p>&nbsp;<\/p>\n<p>Hakan Ak\u0131n<\/p>\n<audio class=\"wp-audio-shortcode\" id=\"audio-2937-15\" preload=\"none\" style=\"width: 100%;\" controls=\"controls\"><source type=\"audio\/mpeg\" src=\"http:\/\/www.avantgardemedya.com\/wp-content\/uploads\/2019\/07\/Hakan-Ak\u0131n.mp3?_=15\" \/><a href=\"http:\/\/www.avantgardemedya.com\/wp-content\/uploads\/2019\/07\/Hakan-Ak\u0131n.mp3\">http:\/\/www.avantgardemedya.com\/wp-content\/uploads\/2019\/07\/Hakan-Ak\u0131n.mp3<\/a><\/audio>\n<p>&nbsp;<\/p>\n<p>G\u00f6kalp Eren Afyon<\/p>\n<audio class=\"wp-audio-shortcode\" id=\"audio-2937-16\" preload=\"none\" style=\"width: 100%;\" controls=\"controls\"><source type=\"audio\/mpeg\" src=\"http:\/\/www.avantgardemedya.com\/wp-content\/uploads\/2019\/07\/G\u00f6kalp-Eren-Afyon.mp3?_=16\" \/><a href=\"http:\/\/www.avantgardemedya.com\/wp-content\/uploads\/2019\/07\/G\u00f6kalp-Eren-Afyon.mp3\">http:\/\/www.avantgardemedya.com\/wp-content\/uploads\/2019\/07\/G\u00f6kalp-Eren-Afyon.mp3<\/a><\/audio>\n<p>&nbsp;<\/p>\n<p>Farun \u00dcst\u00fcn<\/p>\n<audio class=\"wp-audio-shortcode\" id=\"audio-2937-17\" preload=\"none\" style=\"width: 100%;\" controls=\"controls\"><source type=\"audio\/mpeg\" src=\"http:\/\/www.avantgardemedya.com\/wp-content\/uploads\/2019\/07\/Faruk-\u00dcst\u00fcn.mp3?_=17\" \/><a href=\"http:\/\/www.avantgardemedya.com\/wp-content\/uploads\/2019\/07\/Faruk-\u00dcst\u00fcn.mp3\">http:\/\/www.avantgardemedya.com\/wp-content\/uploads\/2019\/07\/Faruk-\u00dcst\u00fcn.mp3<\/a><\/audio>\n<p>&nbsp;<\/p>\n<p>Erdo\u011fan Aydemir<\/p>\n<audio class=\"wp-audio-shortcode\" id=\"audio-2937-18\" preload=\"none\" style=\"width: 100%;\" controls=\"controls\"><source type=\"audio\/mpeg\" src=\"http:\/\/www.avantgardemedya.com\/wp-content\/uploads\/2019\/07\/Erdo\u011fan-Aydemir.mp3?_=18\" \/><a href=\"http:\/\/www.avantgardemedya.com\/wp-content\/uploads\/2019\/07\/Erdo\u011fan-Aydemir.mp3\">http:\/\/www.avantgardemedya.com\/wp-content\/uploads\/2019\/07\/Erdo\u011fan-Aydemir.mp3<\/a><\/audio>\n<p>&nbsp;<\/p>\n<p>Emrullah Uzun<\/p>\n<audio class=\"wp-audio-shortcode\" id=\"audio-2937-19\" preload=\"none\" style=\"width: 100%;\" controls=\"controls\"><source type=\"audio\/mpeg\" src=\"http:\/\/www.avantgardemedya.com\/wp-content\/uploads\/2019\/07\/Emrullah-Uzun.mp3?_=19\" \/><a href=\"http:\/\/www.avantgardemedya.com\/wp-content\/uploads\/2019\/07\/Emrullah-Uzun.mp3\">http:\/\/www.avantgardemedya.com\/wp-content\/uploads\/2019\/07\/Emrullah-Uzun.mp3<\/a><\/audio>\n<p>&nbsp;<\/p>\n<p>C\u00fcneyt Say\u0131l<\/p>\n<audio class=\"wp-audio-shortcode\" id=\"audio-2937-20\" preload=\"none\" style=\"width: 100%;\" controls=\"controls\"><source type=\"audio\/mpeg\" src=\"http:\/\/www.avantgardemedya.com\/wp-content\/uploads\/2019\/07\/C\u00fcneyt-Say\u0131l.mp3?_=20\" \/><a href=\"http:\/\/www.avantgardemedya.com\/wp-content\/uploads\/2019\/07\/C\u00fcneyt-Say\u0131l.mp3\">http:\/\/www.avantgardemedya.com\/wp-content\/uploads\/2019\/07\/C\u00fcneyt-Say\u0131l.mp3<\/a><\/audio>\n<p>&nbsp;<\/p>\n<p>Atakan Ayd\u0131n<\/p>\n<audio class=\"wp-audio-shortcode\" id=\"audio-2937-21\" preload=\"none\" style=\"width: 100%;\" controls=\"controls\"><source type=\"audio\/mpeg\" src=\"http:\/\/www.avantgardemedya.com\/wp-content\/uploads\/2019\/07\/Atakan-Ayd\u0131n.mp3?_=21\" \/><a href=\"http:\/\/www.avantgardemedya.com\/wp-content\/uploads\/2019\/07\/Atakan-Ayd\u0131n.mp3\">http:\/\/www.avantgardemedya.com\/wp-content\/uploads\/2019\/07\/Atakan-Ayd\u0131n.mp3<\/a><\/audio>\n<p>&nbsp;<\/p>\n<p>Bekir \u00c7i\u00e7ekdemir<\/p>\n<audio class=\"wp-audio-shortcode\" id=\"audio-2937-22\" preload=\"none\" style=\"width: 100%;\" controls=\"controls\"><source type=\"audio\/mpeg\" src=\"http:\/\/www.avantgardemedya.com\/wp-content\/uploads\/2019\/07\/Bekir-\u00c7i\u00e7ekdemir.mp3?_=22\" \/><a href=\"http:\/\/www.avantgardemedya.com\/wp-content\/uploads\/2019\/07\/Bekir-\u00c7i\u00e7ekdemir.mp3\">http:\/\/www.avantgardemedya.com\/wp-content\/uploads\/2019\/07\/Bekir-\u00c7i\u00e7ekdemir.mp3<\/a><\/audio>\n<p>&nbsp;<\/p>\n<p>Bora Se\u00e7kin<\/p>\n<audio class=\"wp-audio-shortcode\" id=\"audio-2937-23\" preload=\"none\" style=\"width: 100%;\" controls=\"controls\"><source type=\"audio\/mpeg\" src=\"http:\/\/www.avantgardemedya.com\/wp-content\/uploads\/2019\/07\/Bora-Seckin.mp3?_=23\" \/><a href=\"http:\/\/www.avantgardemedya.com\/wp-content\/uploads\/2019\/07\/Bora-Seckin.mp3\">http:\/\/www.avantgardemedya.com\/wp-content\/uploads\/2019\/07\/Bora-Seckin.mp3<\/a><\/audio>\n<p>&nbsp;<\/p>\n<p>Burak \u00c7ubuk\u00e7u<\/p>\n<audio class=\"wp-audio-shortcode\" id=\"audio-2937-24\" preload=\"none\" style=\"width: 100%;\" controls=\"controls\"><source type=\"audio\/mpeg\" src=\"http:\/\/www.avantgardemedya.com\/wp-content\/uploads\/2019\/07\/Burak-\u00c7ubuk\u00e7u.mp3?_=24\" \/><a href=\"http:\/\/www.avantgardemedya.com\/wp-content\/uploads\/2019\/07\/Burak-\u00c7ubuk\u00e7u.mp3\">http:\/\/www.avantgardemedya.com\/wp-content\/uploads\/2019\/07\/Burak-\u00c7ubuk\u00e7u.mp3<\/a><\/audio>\n<p>&nbsp;<\/p>\n<p>Cengizhan S\u00f6nmez<\/p>\n<audio class=\"wp-audio-shortcode\" id=\"audio-2937-25\" preload=\"none\" style=\"width: 100%;\" controls=\"controls\"><source type=\"audio\/mpeg\" src=\"http:\/\/www.avantgardemedya.com\/wp-content\/uploads\/2019\/07\/Cengizhan-S\u00f6nmez.mp3?_=25\" \/><a href=\"http:\/\/www.avantgardemedya.com\/wp-content\/uploads\/2019\/07\/Cengizhan-S\u00f6nmez.mp3\">http:\/\/www.avantgardemedya.com\/wp-content\/uploads\/2019\/07\/Cengizhan-S\u00f6nmez.mp3<\/a><\/audio>\n","protected":false},"excerpt":{"rendered":"<p>Adilcan Demirel &nbsp; Berk Avc\u0131 &nbsp; \u015eener Sava\u015f &nbsp; \u00dcmit Bilen &nbsp; \u00d6mer Atalay &nbsp; Umut Tabak &nbsp; Umut Kemal Sevin &nbsp; Umut Aksoy &nbsp; Tuna \u00d6ztun\u00e7 &nbsp; Sonat Dursun &nbsp; Mutlu Albayram &nbsp; Mesut Uz &nbsp; Levent D\u00f6nmez &nbsp; Kaan Songun &nbsp; Hakan Ak\u0131n &nbsp; G\u00f6kalp Eren Afyon &nbsp; Farun \u00dcst\u00fcn &nbsp; Erdo\u011fan Aydemir [&hellip;]<\/p>\n","protected":false},"author":1,"featured_media":0,"parent":2903,"menu_order":0,"comment_status":"closed","ping_status":"closed","template":"","meta":[],"_links":{"self":[{"href":"https:\/\/www.avantgardemedya.com\/index.php\/wp-json\/wp\/v2\/pages\/2937"}],"collection":[{"href":"https:\/\/www.avantgardemedya.com\/index.php\/wp-json\/wp\/v2\/pages"}],"about":[{"href":"https:\/\/www.avantgardemedya.com\/index.php\/wp-json\/wp\/v2\/types\/page"}],"author":[{"embeddable":true,"href":"https:\/\/www.avantgardemedya.com\/index.php\/wp-json\/wp\/v2\/users\/1"}],"replies":[{"embeddable":true,"href":"https:\/\/www.avantgardemedya.com\/index.php\/wp-json\/wp\/v2\/comments?post=2937"}],"version-history":[{"count":7,"href":"https:\/\/www.avantgardemedya.com\/index.php\/wp-json\/wp\/v2\/pages\/2937\/revisions"}],"predecessor-version":[{"id":2970,"href":"https:\/\/www.avantgardemedya.com\/index.php\/wp-json\/wp\/v2\/pages\/2937\/revisions\/2970"}],"up":[{"embeddable":true,"href":"https:\/\/www.avantgardemedya.com\/index.php\/wp-json\/wp\/v2\/pages\/2903"}],"wp:attachment":[{"href":"https:\/\/www.avantgardemedya.com\/index.php\/wp-json\/wp\/v2\/media?parent=2937"}],"curies":[{"name":"wp","href":"https:\/\/api.w.org\/{rel}","templated":true}]}}