{"id":2954,"date":"2019-07-23T18:04:09","date_gmt":"2019-07-23T18:04:09","guid":{"rendered":"http:\/\/www.avantgardemedya.com\/?page_id=2954"},"modified":"2019-07-24T08:29:32","modified_gmt":"2019-07-24T08:29:32","slug":"bayan","status":"publish","type":"page","link":"https:\/\/www.avantgardemedya.com\/index.php\/tr\/castimiz\/reklam-demo\/bayan\/","title":{"rendered":"BAYAN"},"content":{"rendered":"<p>Zeyno Burcu Temel<\/p>\n<!--[if lt IE 9]><script>document.createElement('audio');<\/script><![endif]-->\n<audio class=\"wp-audio-shortcode\" id=\"audio-2954-1\" preload=\"none\" style=\"width: 100%;\" controls=\"controls\"><source type=\"audio\/mpeg\" src=\"http:\/\/www.avantgardemedya.com\/wp-content\/uploads\/2019\/07\/Zeyno-Burcu-Temel.mp3?_=1\" \/><a href=\"http:\/\/www.avantgardemedya.com\/wp-content\/uploads\/2019\/07\/Zeyno-Burcu-Temel.mp3\">http:\/\/www.avantgardemedya.com\/wp-content\/uploads\/2019\/07\/Zeyno-Burcu-Temel.mp3<\/a><\/audio>\n<p>&nbsp;<\/p>\n<p>Beng\u00fc Ergin<\/p>\n<audio class=\"wp-audio-shortcode\" id=\"audio-2954-2\" preload=\"none\" style=\"width: 100%;\" controls=\"controls\"><source type=\"audio\/mpeg\" src=\"http:\/\/www.avantgardemedya.com\/wp-content\/uploads\/2019\/07\/Beng\u00fc-Ergin.mp3?_=2\" \/><a href=\"http:\/\/www.avantgardemedya.com\/wp-content\/uploads\/2019\/07\/Beng\u00fc-Ergin.mp3\">http:\/\/www.avantgardemedya.com\/wp-content\/uploads\/2019\/07\/Beng\u00fc-Ergin.mp3<\/a><\/audio>\n<p>&nbsp;<\/p>\n<p>Sevin\u00e7 S\u0131rma<\/p>\n<audio class=\"wp-audio-shortcode\" id=\"audio-2954-3\" preload=\"none\" style=\"width: 100%;\" controls=\"controls\"><source type=\"audio\/mpeg\" src=\"http:\/\/www.avantgardemedya.com\/wp-content\/uploads\/2019\/07\/Sevin\u00e7-S\u0131rma.mp3?_=3\" \/><a href=\"http:\/\/www.avantgardemedya.com\/wp-content\/uploads\/2019\/07\/Sevin\u00e7-S\u0131rma.mp3\">http:\/\/www.avantgardemedya.com\/wp-content\/uploads\/2019\/07\/Sevin\u00e7-S\u0131rma.mp3<\/a><\/audio>\n<p>&nbsp;<\/p>\n<p>G\u00f6zde Okur<\/p>\n<audio class=\"wp-audio-shortcode\" id=\"audio-2954-4\" preload=\"none\" style=\"width: 100%;\" controls=\"controls\"><source type=\"audio\/mpeg\" src=\"http:\/\/www.avantgardemedya.com\/wp-content\/uploads\/2019\/07\/G\u00f6zde-Okur.mp3?_=4\" \/><a href=\"http:\/\/www.avantgardemedya.com\/wp-content\/uploads\/2019\/07\/G\u00f6zde-Okur.mp3\">http:\/\/www.avantgardemedya.com\/wp-content\/uploads\/2019\/07\/G\u00f6zde-Okur.mp3<\/a><\/audio>\n<p>&nbsp;<\/p>\n<p>Elif Urse<\/p>\n<audio class=\"wp-audio-shortcode\" id=\"audio-2954-5\" preload=\"none\" style=\"width: 100%;\" controls=\"controls\"><source type=\"audio\/mpeg\" src=\"http:\/\/www.avantgardemedya.com\/wp-content\/uploads\/2019\/07\/Elif-Urse.mp3?_=5\" \/><a href=\"http:\/\/www.avantgardemedya.com\/wp-content\/uploads\/2019\/07\/Elif-Urse.mp3\">http:\/\/www.avantgardemedya.com\/wp-content\/uploads\/2019\/07\/Elif-Urse.mp3<\/a><\/audio>\n<p>&nbsp;<\/p>\n<p>Suzan<\/p>\n<audio class=\"wp-audio-shortcode\" id=\"audio-2954-6\" preload=\"none\" style=\"width: 100%;\" controls=\"controls\"><source type=\"audio\/mpeg\" src=\"http:\/\/www.avantgardemedya.com\/wp-content\/uploads\/2019\/07\/Suzan.mp3?_=6\" \/><a href=\"http:\/\/www.avantgardemedya.com\/wp-content\/uploads\/2019\/07\/Suzan.mp3\">http:\/\/www.avantgardemedya.com\/wp-content\/uploads\/2019\/07\/Suzan.mp3<\/a><\/audio>\n<p>&nbsp;<\/p>\n<p>Gizem G\u00fclen<\/p>\n<audio class=\"wp-audio-shortcode\" id=\"audio-2954-7\" preload=\"none\" style=\"width: 100%;\" controls=\"controls\"><source type=\"audio\/mpeg\" src=\"http:\/\/www.avantgardemedya.com\/wp-content\/uploads\/2019\/07\/Gizem-G\u00fclen.mp3?_=7\" \/><a href=\"http:\/\/www.avantgardemedya.com\/wp-content\/uploads\/2019\/07\/Gizem-G\u00fclen.mp3\">http:\/\/www.avantgardemedya.com\/wp-content\/uploads\/2019\/07\/Gizem-G\u00fclen.mp3<\/a><\/audio>\n<p>&nbsp;<\/p>\n<p>\u00d6zen\u00e7 Otyam<\/p>\n<audio class=\"wp-audio-shortcode\" id=\"audio-2954-8\" preload=\"none\" style=\"width: 100%;\" controls=\"controls\"><source type=\"audio\/mpeg\" src=\"http:\/\/www.avantgardemedya.com\/wp-content\/uploads\/2019\/07\/\u00d6zen\u00e7-Otyam.mp3?_=8\" \/><a href=\"http:\/\/www.avantgardemedya.com\/wp-content\/uploads\/2019\/07\/\u00d6zen\u00e7-Otyam.mp3\">http:\/\/www.avantgardemedya.com\/wp-content\/uploads\/2019\/07\/\u00d6zen\u00e7-Otyam.mp3<\/a><\/audio>\n<p>&nbsp;<\/p>\n<p>Bahar Karadeniz<\/p>\n<audio class=\"wp-audio-shortcode\" id=\"audio-2954-9\" preload=\"none\" style=\"width: 100%;\" controls=\"controls\"><source type=\"audio\/mpeg\" src=\"http:\/\/www.avantgardemedya.com\/wp-content\/uploads\/2019\/07\/Bahar-Karadeniz.mp3?_=9\" \/><a href=\"http:\/\/www.avantgardemedya.com\/wp-content\/uploads\/2019\/07\/Bahar-Karadeniz.mp3\">http:\/\/www.avantgardemedya.com\/wp-content\/uploads\/2019\/07\/Bahar-Karadeniz.mp3<\/a><\/audio>\n<p>&nbsp;<\/p>\n<p>Ayla Algan<\/p>\n<audio class=\"wp-audio-shortcode\" id=\"audio-2954-10\" preload=\"none\" style=\"width: 100%;\" controls=\"controls\"><source type=\"audio\/mpeg\" src=\"http:\/\/www.avantgardemedya.com\/wp-content\/uploads\/2019\/07\/Ayla-Algan.mp3?_=10\" \/><a href=\"http:\/\/www.avantgardemedya.com\/wp-content\/uploads\/2019\/07\/Ayla-Algan.mp3\">http:\/\/www.avantgardemedya.com\/wp-content\/uploads\/2019\/07\/Ayla-Algan.mp3<\/a><\/audio>\n<p>&nbsp;<\/p>\n<p>Seda Can<\/p>\n<audio class=\"wp-audio-shortcode\" id=\"audio-2954-11\" preload=\"none\" style=\"width: 100%;\" controls=\"controls\"><source type=\"audio\/mpeg\" src=\"http:\/\/www.avantgardemedya.com\/wp-content\/uploads\/2019\/07\/Seda-Can.mp3?_=11\" \/><a href=\"http:\/\/www.avantgardemedya.com\/wp-content\/uploads\/2019\/07\/Seda-Can.mp3\">http:\/\/www.avantgardemedya.com\/wp-content\/uploads\/2019\/07\/Seda-Can.mp3<\/a><\/audio>\n<p>&nbsp;<\/p>\n","protected":false},"excerpt":{"rendered":"<p>Zeyno Burcu Temel &nbsp; Beng\u00fc Ergin &nbsp; Sevin\u00e7 S\u0131rma &nbsp; G\u00f6zde Okur &nbsp; Elif Urse &nbsp; Suzan &nbsp; Gizem G\u00fclen &nbsp; \u00d6zen\u00e7 Otyam &nbsp; Bahar Karadeniz &nbsp; Ayla Algan &nbsp; Seda Can &nbsp;<\/p>\n","protected":false},"author":1,"featured_media":0,"parent":2903,"menu_order":0,"comment_status":"closed","ping_status":"closed","template":"","meta":[],"_links":{"self":[{"href":"https:\/\/www.avantgardemedya.com\/index.php\/wp-json\/wp\/v2\/pages\/2954"}],"collection":[{"href":"https:\/\/www.avantgardemedya.com\/index.php\/wp-json\/wp\/v2\/pages"}],"about":[{"href":"https:\/\/www.avantgardemedya.com\/index.php\/wp-json\/wp\/v2\/types\/page"}],"author":[{"embeddable":true,"href":"https:\/\/www.avantgardemedya.com\/index.php\/wp-json\/wp\/v2\/users\/1"}],"replies":[{"embeddable":true,"href":"https:\/\/www.avantgardemedya.com\/index.php\/wp-json\/wp\/v2\/comments?post=2954"}],"version-history":[{"count":2,"href":"https:\/\/www.avantgardemedya.com\/index.php\/wp-json\/wp\/v2\/pages\/2954\/revisions"}],"predecessor-version":[{"id":2968,"href":"https:\/\/www.avantgardemedya.com\/index.php\/wp-json\/wp\/v2\/pages\/2954\/revisions\/2968"}],"up":[{"embeddable":true,"href":"https:\/\/www.avantgardemedya.com\/index.php\/wp-json\/wp\/v2\/pages\/2903"}],"wp:attachment":[{"href":"https:\/\/www.avantgardemedya.com\/index.php\/wp-json\/wp\/v2\/media?parent=2954"}],"curies":[{"name":"wp","href":"https:\/\/api.w.org\/{rel}","templated":true}]}}