{"id":947,"date":"2017-03-09T17:32:37","date_gmt":"2017-03-09T15:32:37","guid":{"rendered":"http:\/\/partinindibi.com\/?page_id=947"},"modified":"2019-04-08T13:37:56","modified_gmt":"2019-04-08T13:37:56","slug":"altyazi","status":"publish","type":"page","link":"https:\/\/www.avantgardemedya.com\/index.php\/tr\/hizmetlerimiz\/altyazi\/","title":{"rendered":"ALTYAZI"},"content":{"rendered":"<p style=\"text-align: left;\">\u00c7eviri ekibimiz sizlere en kaliteli T\u00fcrk\u00e7e altyaz\u0131lar\u0131 sunmaya adanm\u0131\u015ft\u0131r.<\/p>\n<p style=\"text-align: left;\">Teslim etti\u011fimiz altyaz\u0131lar\u0131n kalite a\u00e7\u0131s\u0131ndan hep olumlu kar\u015f\u0131lanmas\u0131, \u00e7eviri y\u00f6netim ekibimizin \u00e7evirmenlerimiz ile birebir \u00e7al\u0131\u015farak verdi\u011fi destek ve e\u011fitime dayan\u0131r.<\/p>\n<p>\u00c7evirmen ekibimiz her ge\u00e7en g\u00fcn h\u0131zla artmaktad\u0131r.\u00a0Siz de dinamik altyaz\u0131 \u00e7eviri ekibimize kat\u0131lmak istiyorsan\u0131z, derhal bizimle<span class=\"gmail-apple-converted-space\">\u00a0<\/span><a href=\"http:\/\/www.avantgardemedya.com\/index.php\/iletisim\/\">ileti\u015fime<\/a>\u00a0ge\u00e7in.<\/p>\n<p>&nbsp;<\/p>\n<p>&nbsp;<\/p>\n<p>&nbsp;<\/p>\n<p>&nbsp;<\/p>\n<p>&nbsp;<\/p>\n<p>&nbsp;<\/p>\n<p>&nbsp;<\/p>\n<p>&nbsp;<\/p>\n","protected":false},"excerpt":{"rendered":"<p>\u00c7eviri ekibimiz sizlere en kaliteli T\u00fcrk\u00e7e altyaz\u0131lar\u0131 sunmaya adanm\u0131\u015ft\u0131r. Teslim etti\u011fimiz altyaz\u0131lar\u0131n kalite a\u00e7\u0131s\u0131ndan hep olumlu kar\u015f\u0131lanmas\u0131, \u00e7eviri y\u00f6netim ekibimizin \u00e7evirmenlerimiz ile birebir \u00e7al\u0131\u015farak verdi\u011fi destek ve e\u011fitime dayan\u0131r. \u00c7evirmen ekibimiz her ge\u00e7en g\u00fcn h\u0131zla artmaktad\u0131r.\u00a0Siz de dinamik altyaz\u0131 \u00e7eviri ekibimize kat\u0131lmak istiyorsan\u0131z, derhal bizimle\u00a0ileti\u015fime\u00a0ge\u00e7in. &nbsp; &nbsp; &nbsp; &nbsp; &nbsp; &nbsp; &nbsp; &nbsp;<\/p>\n","protected":false},"author":1,"featured_media":0,"parent":1151,"menu_order":5,"comment_status":"closed","ping_status":"closed","template":"","meta":[],"_links":{"self":[{"href":"https:\/\/www.avantgardemedya.com\/index.php\/wp-json\/wp\/v2\/pages\/947"}],"collection":[{"href":"https:\/\/www.avantgardemedya.com\/index.php\/wp-json\/wp\/v2\/pages"}],"about":[{"href":"https:\/\/www.avantgardemedya.com\/index.php\/wp-json\/wp\/v2\/types\/page"}],"author":[{"embeddable":true,"href":"https:\/\/www.avantgardemedya.com\/index.php\/wp-json\/wp\/v2\/users\/1"}],"replies":[{"embeddable":true,"href":"https:\/\/www.avantgardemedya.com\/index.php\/wp-json\/wp\/v2\/comments?post=947"}],"version-history":[{"count":6,"href":"https:\/\/www.avantgardemedya.com\/index.php\/wp-json\/wp\/v2\/pages\/947\/revisions"}],"predecessor-version":[{"id":2822,"href":"https:\/\/www.avantgardemedya.com\/index.php\/wp-json\/wp\/v2\/pages\/947\/revisions\/2822"}],"up":[{"embeddable":true,"href":"https:\/\/www.avantgardemedya.com\/index.php\/wp-json\/wp\/v2\/pages\/1151"}],"wp:attachment":[{"href":"https:\/\/www.avantgardemedya.com\/index.php\/wp-json\/wp\/v2\/media?parent=947"}],"curies":[{"name":"wp","href":"https:\/\/api.w.org\/{rel}","templated":true}]}}