{"id":953,"date":"2017-03-09T17:33:29","date_gmt":"2017-03-09T15:33:29","guid":{"rendered":"http:\/\/partinindibi.com\/?page_id=953"},"modified":"2017-04-10T12:22:31","modified_gmt":"2017-04-10T12:22:31","slug":"hakkimizda","status":"publish","type":"page","link":"https:\/\/www.avantgardemedya.com\/index.php\/tr\/hakkimizda\/","title":{"rendered":"HAKKIMIZDA"},"content":{"rendered":"<p style=\"text-align: left;\">2010 y\u0131l\u0131nda \u0130stanbul merkezli olarak, Zehra Ayd\u0131n ve Atakan Ayd\u0131n taraf\u0131ndan kurulan Avant Garde ses kay\u0131t st\u00fcdyolar\u0131, kuruldu\u011fu g\u00fcnden bu yana sekt\u00f6rde ba\u015far\u0131yla kendinden s\u00f6z ettirmeyi ba\u015farm\u0131\u015ft\u0131r.<\/p>\n<p>Avant Garde, a\u00e7\u0131l\u0131\u015f\u0131ndan bu g\u00fcne kadar hep b\u00fcy\u00fcmekte, geli\u015fmekte ve geni\u015flemekte olan televizyon ve medya piyasam\u0131za \u00e7eviri, dublaj ve altyaz\u0131 hizmetleri ile \u00f6zellikle film, dizi, animasyon ve belgesel gibi i\u00e7erikleri en y\u00fcksek kalitede yerelle\u015ftirmek \u00fczerine uzmanla\u015fm\u0131\u015ft\u0131r.<\/p>\n<p>St\u00fcdyolar\u0131m\u0131zda en son teknoloji ve en kaliteli ses ekipmanlar\u0131n\u0131 kullanman\u0131n yan\u0131 s\u0131ra, sahip oldu\u011fumuz dinamik ve \u00e7al\u0131\u015fkan ekibimiz ve cast\u0131m\u0131zda bulunan sayg\u0131de\u011fer ses sanat\u00e7\u0131lar\u0131m\u0131z ile ses sanat\u0131nda ba\u015far\u0131lara imza atmakla tan\u0131nmaktan mutluluk duyar\u0131z.<\/p>\n<p>H\u0131zla geli\u015fen bu teknolojik evrime her daim ayak uyduran Avant Garde, yeni video-on-demand platformlar\u0131 gibi medyadaki en yeni izleme deneyimlerine kar\u015f\u0131l\u0131k verebilmek i\u00e7in her zaman de\u011fi\u015fiyor, yenileniyor ve geni\u015fliyor.<\/p>\n<p>Medya yerelle\u015ftirmenin yan\u0131 s\u0131ra sundu\u011fumuz hizmetlerle yarat\u0131c\u0131 s\u0131n\u0131rlar\u0131m\u0131z\u0131 geni\u015fletmek i\u00e7in ek onlarak animasyon, multimedya, post prod\u00fcksiyon ve prod\u00fcksiyon olarak fikirlerinizi ger\u00e7e\u011fe d\u00f6n\u00fc\u015ft\u00fcr\u00fcyoruz.<br \/>\nDestek almak istedi\u011finiz projeleriniz veya ger\u00e7ekle\u015ftirmek istedi\u011finiz fikirleriniz var ise sizinle g\u00f6r\u00fc\u015fmekten her daim mutluluk duyar ve bizlerle <a href=\"http:\/\/www.avantgardemedya.com\/index.php\/iletisim\/\"><span style=\"text-decoration: underline;\">ileti\u015fim kurman\u0131z\u0131 dileriz<\/span><\/a>!<\/p>\n<p>&nbsp;<\/p>\n<p><img decoding=\"async\" loading=\"lazy\" class=\"aligncenter wp-image-1422 size-full\" src=\"http:\/\/www.avantgardemedya.com\/wp-content\/uploads\/2017\/03\/Studyolarimiz2.png\" alt=\"\" width=\"2431\" height=\"277\" srcset=\"https:\/\/www.avantgardemedya.com\/wp-content\/uploads\/2017\/03\/Studyolarimiz2.png 2431w, https:\/\/www.avantgardemedya.com\/wp-content\/uploads\/2017\/03\/Studyolarimiz2-300x34.png 300w, https:\/\/www.avantgardemedya.com\/wp-content\/uploads\/2017\/03\/Studyolarimiz2-768x88.png 768w, https:\/\/www.avantgardemedya.com\/wp-content\/uploads\/2017\/03\/Studyolarimiz2-1024x117.png 1024w, https:\/\/www.avantgardemedya.com\/wp-content\/uploads\/2017\/03\/Studyolarimiz2-1140x130.png 1140w, https:\/\/www.avantgardemedya.com\/wp-content\/uploads\/2017\/03\/Studyolarimiz2-1000x114.png 1000w, https:\/\/www.avantgardemedya.com\/wp-content\/uploads\/2017\/03\/Studyolarimiz2-645x73.png 645w, https:\/\/www.avantgardemedya.com\/wp-content\/uploads\/2017\/03\/Studyolarimiz2-560x64.png 560w, https:\/\/www.avantgardemedya.com\/wp-content\/uploads\/2017\/03\/Studyolarimiz2-750x85.png 750w, https:\/\/www.avantgardemedya.com\/wp-content\/uploads\/2017\/03\/Studyolarimiz2-400x46.png 400w\" sizes=\"(max-width: 2431px) 100vw, 2431px\" \/><\/p>\n","protected":false},"excerpt":{"rendered":"<p>2010 y\u0131l\u0131nda \u0130stanbul merkezli olarak, Zehra Ayd\u0131n ve Atakan Ayd\u0131n taraf\u0131ndan kurulan Avant Garde ses kay\u0131t st\u00fcdyolar\u0131, kuruldu\u011fu g\u00fcnden bu yana sekt\u00f6rde ba\u015far\u0131yla kendinden s\u00f6z ettirmeyi ba\u015farm\u0131\u015ft\u0131r. Avant Garde, a\u00e7\u0131l\u0131\u015f\u0131ndan bu g\u00fcne kadar hep b\u00fcy\u00fcmekte, geli\u015fmekte ve geni\u015flemekte olan televizyon ve medya piyasam\u0131za \u00e7eviri, dublaj ve altyaz\u0131 hizmetleri ile \u00f6zellikle film, dizi, animasyon ve belgesel [&hellip;]<\/p>\n","protected":false},"author":1,"featured_media":0,"parent":0,"menu_order":10,"comment_status":"closed","ping_status":"closed","template":"","meta":[],"_links":{"self":[{"href":"https:\/\/www.avantgardemedya.com\/index.php\/wp-json\/wp\/v2\/pages\/953"}],"collection":[{"href":"https:\/\/www.avantgardemedya.com\/index.php\/wp-json\/wp\/v2\/pages"}],"about":[{"href":"https:\/\/www.avantgardemedya.com\/index.php\/wp-json\/wp\/v2\/types\/page"}],"author":[{"embeddable":true,"href":"https:\/\/www.avantgardemedya.com\/index.php\/wp-json\/wp\/v2\/users\/1"}],"replies":[{"embeddable":true,"href":"https:\/\/www.avantgardemedya.com\/index.php\/wp-json\/wp\/v2\/comments?post=953"}],"version-history":[{"count":3,"href":"https:\/\/www.avantgardemedya.com\/index.php\/wp-json\/wp\/v2\/pages\/953\/revisions"}],"predecessor-version":[{"id":2521,"href":"https:\/\/www.avantgardemedya.com\/index.php\/wp-json\/wp\/v2\/pages\/953\/revisions\/2521"}],"wp:attachment":[{"href":"https:\/\/www.avantgardemedya.com\/index.php\/wp-json\/wp\/v2\/media?parent=953"}],"curies":[{"name":"wp","href":"https:\/\/api.w.org\/{rel}","templated":true}]}}