{"id":958,"date":"2017-03-09T17:41:40","date_gmt":"2017-03-09T15:41:40","guid":{"rendered":"http:\/\/partinindibi.com\/?page_id=958"},"modified":"2018-03-17T07:17:52","modified_gmt":"2018-03-17T07:17:52","slug":"referanslarimiz","status":"publish","type":"page","link":"https:\/\/www.avantgardemedya.com\/index.php\/tr\/referanslarimiz\/","title":{"rendered":"REFERANSLAR"},"content":{"rendered":"<p style=\"text-align: center;\">T\u00fcm m\u00fc\u015fterilerimizle e\u015fit bi\u00e7imde ilgilenmekten, h\u0131zl\u0131 \u00e7\u00f6z\u00fcmlerimiz, kalitemiz ve profesyonelli\u011fimiz ile m\u00fc\u015fterilerimize g\u00fcven vermekten gurur duyar\u0131z.<\/p>\n<p style=\"text-align: center;\">\u0130\u015fte sayg\u0131n m\u00fc\u015fterilerimizden baz\u0131lar\u0131:<\/p>\n<p style=\"text-align: center;\"><img decoding=\"async\" loading=\"lazy\" class=\"alignnone size-full wp-image-2813\" src=\"http:\/\/www.avantgardemedya.com\/wp-content\/uploads\/2017\/03\/hepsi3-1.jpg\" alt=\"\" width=\"1981\" height=\"1118\" srcset=\"https:\/\/www.avantgardemedya.com\/wp-content\/uploads\/2017\/03\/hepsi3-1.jpg 1981w, https:\/\/www.avantgardemedya.com\/wp-content\/uploads\/2017\/03\/hepsi3-1-300x169.jpg 300w, https:\/\/www.avantgardemedya.com\/wp-content\/uploads\/2017\/03\/hepsi3-1-768x433.jpg 768w, https:\/\/www.avantgardemedya.com\/wp-content\/uploads\/2017\/03\/hepsi3-1-1024x578.jpg 1024w, https:\/\/www.avantgardemedya.com\/wp-content\/uploads\/2017\/03\/hepsi3-1-1140x643.jpg 1140w, https:\/\/www.avantgardemedya.com\/wp-content\/uploads\/2017\/03\/hepsi3-1-1000x564.jpg 1000w, https:\/\/www.avantgardemedya.com\/wp-content\/uploads\/2017\/03\/hepsi3-1-645x364.jpg 645w, https:\/\/www.avantgardemedya.com\/wp-content\/uploads\/2017\/03\/hepsi3-1-560x316.jpg 560w, https:\/\/www.avantgardemedya.com\/wp-content\/uploads\/2017\/03\/hepsi3-1-750x423.jpg 750w, https:\/\/www.avantgardemedya.com\/wp-content\/uploads\/2017\/03\/hepsi3-1-400x226.jpg 400w\" sizes=\"(max-width: 1981px) 100vw, 1981px\" \/><\/p>\n","protected":false},"excerpt":{"rendered":"<p>T\u00fcm m\u00fc\u015fterilerimizle e\u015fit bi\u00e7imde ilgilenmekten, h\u0131zl\u0131 \u00e7\u00f6z\u00fcmlerimiz, kalitemiz ve profesyonelli\u011fimiz ile m\u00fc\u015fterilerimize g\u00fcven vermekten gurur duyar\u0131z. \u0130\u015fte sayg\u0131n m\u00fc\u015fterilerimizden baz\u0131lar\u0131:<\/p>\n","protected":false},"author":1,"featured_media":0,"parent":0,"menu_order":9,"comment_status":"closed","ping_status":"closed","template":"","meta":[],"_links":{"self":[{"href":"https:\/\/www.avantgardemedya.com\/index.php\/wp-json\/wp\/v2\/pages\/958"}],"collection":[{"href":"https:\/\/www.avantgardemedya.com\/index.php\/wp-json\/wp\/v2\/pages"}],"about":[{"href":"https:\/\/www.avantgardemedya.com\/index.php\/wp-json\/wp\/v2\/types\/page"}],"author":[{"embeddable":true,"href":"https:\/\/www.avantgardemedya.com\/index.php\/wp-json\/wp\/v2\/users\/1"}],"replies":[{"embeddable":true,"href":"https:\/\/www.avantgardemedya.com\/index.php\/wp-json\/wp\/v2\/comments?post=958"}],"version-history":[{"count":6,"href":"https:\/\/www.avantgardemedya.com\/index.php\/wp-json\/wp\/v2\/pages\/958\/revisions"}],"predecessor-version":[{"id":2815,"href":"https:\/\/www.avantgardemedya.com\/index.php\/wp-json\/wp\/v2\/pages\/958\/revisions\/2815"}],"wp:attachment":[{"href":"https:\/\/www.avantgardemedya.com\/index.php\/wp-json\/wp\/v2\/media?parent=958"}],"curies":[{"name":"wp","href":"https:\/\/api.w.org\/{rel}","templated":true}]}}